{"id":6747,"date":"2021-12-22T09:03:08","date_gmt":"2021-12-22T09:03:08","guid":{"rendered":"https:\/\/fadasa.es\/politica-de-qualidade-e-meio-ambiente\/"},"modified":"2024-10-03T12:16:30","modified_gmt":"2024-10-03T12:16:30","slug":"politica-de-qualidade-e-meio-ambiente","status":"publish","type":"page","link":"https:\/\/www.fadasa.es\/pt-pt\/politica-de-qualidade-e-meio-ambiente\/","title":{"rendered":"POL\u00cdTICA DE QUALIDADE E MEIO AMBIENTE"},"content":{"rendered":"<p>[et_pb_section fb_built=&#8221;1&#8243; admin_label=&#8221;section&#8221; _builder_version=&#8221;4.16&#8243; global_colors_info=&#8221;{}&#8221;][et_pb_row _builder_version=&#8221;4.25.1&#8243; _module_preset=&#8221;default&#8221; hover_enabled=&#8221;0&#8243; global_colors_info=&#8221;{}&#8221; module_alignment=&#8221;center&#8221; sticky_enabled=&#8221;0&#8243;][et_pb_column type=&#8221;4_4&#8243; _builder_version=&#8221;4.25.1&#8243; _module_preset=&#8221;default&#8221; global_colors_info=&#8221;{}&#8221;][et_pb_heading title=&#8221;POL\u00cdTICA DE QUALIDADE E MEIO AMBIENTE&#8221; _builder_version=&#8221;4.25.1&#8243; _module_preset=&#8221;default&#8221; title_text_align=&#8221;center&#8221; border_width_bottom=&#8221;1px&#8221; border_color_bottom=&#8221;#d6d6d6&#8243; global_colors_info=&#8221;{}&#8221;][\/et_pb_heading][et_pb_text _builder_version=&#8221;4.25.1&#8243; _module_preset=&#8221;default&#8221; global_colors_info=&#8221;{}&#8221;]<\/p>\n<p>O objetivo da pol\u00edtica de qualidade e meio ambiente da nossa empresa \u00e9 consolidar essa realidade, melhorando sempre o servi\u00e7o e a aten\u00e7\u00e3o aos requisitos dos nossos clientes, controlando e minimizando os impactos sobre o ambiente ao realizar as atividades de fabrica\u00e7\u00e3o, montagem e comercializa\u00e7\u00e3o de acess\u00f3rios para vidro duplo.<\/p>\n<p>A Dire\u00e7\u00e3o controla e confirma toda a documenta\u00e7\u00e3o do sistema e notifica a todo o pessoal que trabalhe para a organiza\u00e7\u00e3o ou em nome dela, a obriga\u00e7\u00e3o de seguir todas as instru\u00e7\u00f5es derivadas deste processo para alcan\u00e7ar a maior garantia de qualidade que possamos oferecer e o maior respeito ambiental.<\/p>\n<p>Embora a coordena\u00e7\u00e3o e execu\u00e7\u00e3o das a\u00e7\u00f5es necess\u00e1rias para o asseguramento da Qualidade e respeito ambiental sejam delegadas ao seu respons\u00e1vel, a responsabilidade final de obt\u00ea-la recai na Ger\u00eancia, que garante os meios humanos, t\u00e9cnicos e econ\u00f4micos necess\u00e1rios para alcan\u00e7\u00e1-los.<\/p>\n<p>A dire\u00e7\u00e3o tomou a decis\u00e3o de adotar uma Pol\u00edtica de Qualidade e Meio Ambiente, baseada nas normas UNE-EN ISO 9001:2015 e UNE-EN ISO 14001:2015, generalizada em todos os \u00e2mbitos da empresa, pretendendo ao mesmo tempo:<\/p>\n<p>&nbsp;<\/p>\n<p>\u2013 A satisfa\u00e7\u00e3o das necessidades dos clientes, tanto expl\u00edcitas como impl\u00edcitas, quanto aos produtos que elaboramos e os servi\u00e7os que oferecemos.<\/p>\n<p>\u2013 A otimiza\u00e7\u00e3o dos meios e recursos dispon\u00edveis, para aumentar a efici\u00eancia e efetividade da empresa e a melhoria em rela\u00e7\u00e3o ao meio ambiente.<\/p>\n<p>\u2013 A motiva\u00e7\u00e3o e satisfa\u00e7\u00e3o do pessoal que trabalhe para a organiza\u00e7\u00e3o ou em nome dela para o desenvolvimento de suas capacidades e conhecimentos, voltados para seu desenvolvimento pessoal e sensibiliza\u00e7\u00e3o pelos aspectos de Qualidade e Meio Ambiente.<\/p>\n<p>\u2013 Comprometemo-nos a cumprir com os requisitos legais aplic\u00e1veis e outros requisitos que a organiza\u00e7\u00e3o subscreva, esfor\u00e7ando-nos para alcan\u00e7ar nossos objetivos de prote\u00e7\u00e3o e melhoria cont\u00ednua do meio ambiente e da qualidade dentro da nossa atividade empresarial.<\/p>\n<p>\u2013 Comprometemo-nos a melhorar continuamente e a prevenir a polui\u00e7\u00e3o gerada por nossas atividades, realizando um acompanhamento mais exaustivo sobre as atividades e\/ou infraestruturas mais cr\u00edticas em rela\u00e7\u00e3o ao meio ambiente.<\/p>\n<p>\u2013 Levar em conta os aspectos ambientais identificados, para contribuir na minimiza\u00e7\u00e3o da polui\u00e7\u00e3o e degrada\u00e7\u00e3o ambiental.<\/p>\n<p>\u2013 A Qualidade final do produto e servi\u00e7o prestado ao cliente \u00e9 o resultado das a\u00e7\u00f5es planejadas e sistem\u00e1ticas de PREVEN\u00c7\u00c3O, DETEC\u00c7\u00c3O, CORRE\u00c7\u00c3O E MELHORIA CONT\u00cdNUA durante todo o ciclo, estabelecendo para elas objetivos anuais de melhoria.<\/p>\n<p>&nbsp;<\/p>\n<p>A Dire\u00e7\u00e3o de FADASA &#8211; LLANERA. Edi\u00e7\u00e3o: 1\u00aa 20 de fevereiro de 2018<\/p>\n<p>[\/et_pb_text][\/et_pb_column][\/et_pb_row][\/et_pb_section]<\/p>\n","protected":false},"excerpt":{"rendered":"<p>O objetivo da pol\u00edtica de qualidade e meio ambiente da nossa empresa \u00e9 consolidar essa realidade, melhorando sempre o servi\u00e7o e a aten\u00e7\u00e3o aos requisitos dos nossos clientes, controlando e minimizando os impactos sobre o ambiente ao realizar as atividades de fabrica\u00e7\u00e3o, montagem e comercializa\u00e7\u00e3o de acess\u00f3rios para vidro duplo. A Dire\u00e7\u00e3o controla e confirma [&hellip;]<\/p>\n","protected":false},"author":1,"featured_media":0,"parent":0,"menu_order":0,"comment_status":"closed","ping_status":"closed","template":"","meta":{"_et_pb_use_builder":"on","_et_pb_old_content":"","_et_gb_content_width":"","footnotes":""},"_links":{"self":[{"href":"https:\/\/www.fadasa.es\/pt-pt\/wp-json\/wp\/v2\/pages\/6747"}],"collection":[{"href":"https:\/\/www.fadasa.es\/pt-pt\/wp-json\/wp\/v2\/pages"}],"about":[{"href":"https:\/\/www.fadasa.es\/pt-pt\/wp-json\/wp\/v2\/types\/page"}],"author":[{"embeddable":true,"href":"https:\/\/www.fadasa.es\/pt-pt\/wp-json\/wp\/v2\/users\/1"}],"replies":[{"embeddable":true,"href":"https:\/\/www.fadasa.es\/pt-pt\/wp-json\/wp\/v2\/comments?post=6747"}],"version-history":[{"count":6,"href":"https:\/\/www.fadasa.es\/pt-pt\/wp-json\/wp\/v2\/pages\/6747\/revisions"}],"predecessor-version":[{"id":248580,"href":"https:\/\/www.fadasa.es\/pt-pt\/wp-json\/wp\/v2\/pages\/6747\/revisions\/248580"}],"wp:attachment":[{"href":"https:\/\/www.fadasa.es\/pt-pt\/wp-json\/wp\/v2\/media?parent=6747"}],"curies":[{"name":"wp","href":"https:\/\/api.w.org\/{rel}","templated":true}]}}