{"id":6689,"date":"2021-12-20T14:36:39","date_gmt":"2021-12-20T14:36:39","guid":{"rendered":"https:\/\/fadasa.es\/comeco\/"},"modified":"2025-04-02T07:27:51","modified_gmt":"2025-04-02T07:27:51","slug":"comeco","status":"publish","type":"page","link":"https:\/\/www.fadasa.es\/pt-pt\/","title":{"rendered":"Come\u00e7o"},"content":{"rendered":"<p>[et_pb_section fb_built=&#8221;1&#8243; fullwidth=&#8221;on&#8221; _builder_version=&#8221;4.25.1&#8243; _module_preset=&#8221;default&#8221; global_colors_info=&#8221;{}&#8221;][et_pb_fullwidth_image src=&#8221;https:\/\/www.fadasa.es\/wp-content\/uploads\/2022\/03\/MG_9313-2-V3-scaled.jpg&#8221; _builder_version=&#8221;4.25.1&#8243; _module_preset=&#8221;default&#8221; transform_translate=&#8221;0px|-16px&#8221; global_colors_info=&#8221;{}&#8221;][\/et_pb_fullwidth_image][\/et_pb_section][et_pb_section fb_built=&#8221;1&#8243; _builder_version=&#8221;4.25.1&#8243; _module_preset=&#8221;default&#8221; custom_margin=&#8221;4px|||||&#8221; custom_padding=&#8221;11px|||||&#8221; global_colors_info=&#8221;{}&#8221;][et_pb_row column_structure=&#8221;1_3,2_3&#8243; _builder_version=&#8221;4.25.1&#8243; _module_preset=&#8221;default&#8221; width=&#8221;60%&#8221; custom_margin=&#8221;-1px|auto||auto||&#8221; global_colors_info=&#8221;{}&#8221;][et_pb_column type=&#8221;1_3&#8243; _builder_version=&#8221;4.25.1&#8243; _module_preset=&#8221;default&#8221; global_colors_info=&#8221;{}&#8221;][et_pb_heading title=&#8221;N\u00f3s&#8221; _builder_version=&#8221;4.25.1&#8243; _module_preset=&#8221;default&#8221; title_font=&#8221;Roboto||||||||&#8221; title_text_color=&#8221;#a81125&#8243; title_font_size=&#8221;42px&#8221; global_colors_info=&#8221;{}&#8221;][\/et_pb_heading][\/et_pb_column][et_pb_column type=&#8221;2_3&#8243; _builder_version=&#8221;4.25.1&#8243; _module_preset=&#8221;default&#8221; global_colors_info=&#8221;{}&#8221;][et_pb_text _builder_version=&#8221;4.25.1&#8243; _module_preset=&#8221;default&#8221; custom_margin=&#8221;||-2px|-61px||&#8221; custom_margin_tablet=&#8221;||-2px|-61px||&#8221; custom_margin_phone=&#8221;|auto|-2px|auto|false|false&#8221; custom_margin_last_edited=&#8221;on|phone&#8221; global_colors_info=&#8221;{}&#8221;]<\/p>\n<div class=\"wpb_text_column wpb_content_element \">\n<div class=\"wpb_wrapper\">\n<p style=\"text-align: justify;\">Criada em 1990, a Fadasa (F\u00e1brica Accesorios Doble Acristalaciones, S.A.), nasceu com o prop\u00f3sito de responder \u00e0 crescente procura do sector dos vidros duplos isolantes com o fornecimento de pe\u00e7as de elevada precis\u00e3o, qualidade e tecnologia.<\/p>\n<\/div>\n<\/div>\n<p>&nbsp;<\/p>\n<p>[\/et_pb_text][et_pb_button button_url=&#8221;@ET-DC@eyJkeW5hbWljIjp0cnVlLCJjb250ZW50IjoicG9zdF9saW5rX3VybF9wYWdlIiwic2V0dGluZ3MiOnsicG9zdF9pZCI6IjU5MzgiLCJlbmFibGVfaHRtbCI6Im9mZiJ9fQ==@&#8221; button_text=&#8221;Saber mais&#8221; _builder_version=&#8221;4.25.1&#8243; _dynamic_attributes=&#8221;button_url&#8221; _module_preset=&#8221;default&#8221; custom_button=&#8221;on&#8221; button_text_size=&#8221;12px&#8221; button_text_color=&#8221;#a81125&#8243; custom_margin=&#8221;|||-62px||&#8221; custom_margin_tablet=&#8221;|||-62px||&#8221; custom_margin_phone=&#8221;|auto||auto|false|false&#8221; custom_margin_last_edited=&#8221;on|phone&#8221; global_colors_info=&#8221;{}&#8221;][\/et_pb_button][\/et_pb_column][\/et_pb_row][et_pb_row column_structure=&#8221;1_2,1_2&#8243; _builder_version=&#8221;4.25.1&#8243; _module_preset=&#8221;default&#8221; width=&#8221;60%&#8221; custom_margin_tablet=&#8221;&#8221; custom_margin_phone=&#8221;&#8221; custom_margin_last_edited=&#8221;on|phone&#8221; custom_padding=&#8221;|||10px|false|false&#8221; global_colors_info=&#8221;{}&#8221;][et_pb_column type=&#8221;1_2&#8243; _builder_version=&#8221;4.25.1&#8243; _module_preset=&#8221;default&#8221; global_colors_info=&#8221;{}&#8221;][et_pb_heading title=&#8221;Acesse nosso cat\u00e1logo de produtos&#8221; _builder_version=&#8221;4.25.1&#8243; _module_preset=&#8221;default&#8221; title_font_size=&#8221;22px&#8221; title_line_height=&#8221;1.3em&#8221; width=&#8221;60%&#8221; custom_margin=&#8221;|||-4px||&#8221; custom_padding=&#8221;|||7px||&#8221; global_colors_info=&#8221;{}&#8221;][\/et_pb_heading][et_pb_text _builder_version=&#8221;4.25.1&#8243; _module_preset=&#8221;default&#8221; text_font=&#8221;||||||||&#8221; text_text_color=&#8221;#a81125&#8243; text_line_height=&#8221;1.9em&#8221; link_text_color=&#8221;#a81125&#8243; link_line_height=&#8221;2.2em&#8221; header_text_color=&#8221;#a81125&#8243; custom_margin=&#8221;-21px||16px|58px||&#8221; animation_style=&#8221;slide&#8221; animation_direction=&#8221;left&#8221; animation_duration=&#8221;1700ms&#8221; global_colors_info=&#8221;{}&#8221;]<\/p>\n<p><a href=\"https:\/\/www.fadasa.es\/pt-pt\/produtos\/perfis-separadores-aluminio\/\" style=\"font-weight: 400;\">PERFIS SEPARADORES ALUM\u00cdNIO<\/a><\/p>\n<p>[\/et_pb_text][et_pb_text _builder_version=&#8221;4.25.1&#8243; _module_preset=&#8221;default&#8221; text_text_color=&#8221;#a81125&#8243; text_line_height=&#8221;1.9em&#8221; link_text_color=&#8221;#a81125&#8243; link_line_height=&#8221;2.2em&#8221; header_text_color=&#8221;#a81125&#8243; custom_margin=&#8221;-21px||16px|58px||&#8221; animation_style=&#8221;slide&#8221; animation_direction=&#8221;left&#8221; animation_duration=&#8221;1700ms&#8221; animation_delay=&#8221;100ms&#8221; global_colors_info=&#8221;{}&#8221;]<\/p>\n<p><a href=\"https:\/\/www.fadasa.es\/pt-pt\/produtos\/perfis-separadores-termicos\/\" style=\"font-weight: 400;\">PERFIS SEPARADORES T\u00c9RMICOS<\/a><\/p>\n<p>[\/et_pb_text][et_pb_text _builder_version=&#8221;4.25.1&#8243; _module_preset=&#8221;default&#8221; text_text_color=&#8221;#a81125&#8243; text_line_height=&#8221;1.9em&#8221; link_text_color=&#8221;#a81125&#8243; link_line_height=&#8221;2.2em&#8221; header_text_color=&#8221;#a81125&#8243; custom_margin=&#8221;-21px||16px|58px||&#8221; animation_style=&#8221;slide&#8221; animation_direction=&#8221;left&#8221; animation_duration=&#8221;1700ms&#8221; animation_delay=&#8221;200ms&#8221; global_colors_info=&#8221;{}&#8221;]<\/p>\n<p><a href=\"https:\/\/www.fadasa.es\/pt-pt\/produtos\/perfis-decorativos\/\" style=\"font-weight: 400;\">PERFIS DECORATIVOS<\/a><\/p>\n<p>[\/et_pb_text][et_pb_text _builder_version=&#8221;4.25.1&#8243; _module_preset=&#8221;default&#8221; text_text_color=&#8221;#a81125&#8243; text_line_height=&#8221;1.9em&#8221; link_text_color=&#8221;#a81125&#8243; link_line_height=&#8221;2.2em&#8221; header_text_color=&#8221;#a81125&#8243; custom_margin=&#8221;-21px||16px|58px||&#8221; animation_style=&#8221;slide&#8221; animation_direction=&#8221;left&#8221; animation_duration=&#8221;1700ms&#8221; animation_delay=&#8221;300ms&#8221; global_colors_info=&#8221;{}&#8221;]<\/p>\n<p><a href=\"https:\/\/www.fadasa.es\/pt-pt\/produtos\/selantes\/\" style=\"font-weight: 400;\">SELANTES<\/a><\/p>\n<p>[\/et_pb_text][et_pb_text _builder_version=&#8221;4.25.1&#8243; _module_preset=&#8221;default&#8221; text_text_color=&#8221;#a81125&#8243; text_line_height=&#8221;1.9em&#8221; link_text_color=&#8221;#a81125&#8243; link_line_height=&#8221;2.2em&#8221; header_text_color=&#8221;#a81125&#8243; custom_margin=&#8221;-21px||16px|58px||&#8221; animation_style=&#8221;slide&#8221; animation_direction=&#8221;left&#8221; animation_duration=&#8221;1700ms&#8221; animation_delay=&#8221;400ms&#8221; global_colors_info=&#8221;{}&#8221;]<\/p>\n<p><a href=\"https:\/\/www.fadasa.es\/pt-pt\/produtos\/produtos-quimicos\/\" style=\"font-weight: 400;\">PRODUTOS QUIMICOS<\/a><\/p>\n<p>[\/et_pb_text][et_pb_text _builder_version=&#8221;4.25.1&#8243; _module_preset=&#8221;default&#8221; text_text_color=&#8221;#a81125&#8243; text_line_height=&#8221;1.9em&#8221; link_text_color=&#8221;#a81125&#8243; link_line_height=&#8221;2.2em&#8221; header_text_color=&#8221;#a81125&#8243; custom_margin=&#8221;-21px||16px|58px||&#8221; animation_style=&#8221;slide&#8221; animation_direction=&#8221;left&#8221; animation_duration=&#8221;1700ms&#8221; animation_delay=&#8221;500ms&#8221; global_colors_info=&#8221;{}&#8221;]<\/p>\n<p><a href=\"https:\/\/www.fadasa.es\/pt-pt\/produtos\/peneira-molecular\/\" style=\"font-weight: 400;\">PENEIRA MOLECULAR<\/a><\/p>\n<p>[\/et_pb_text][et_pb_text _builder_version=&#8221;4.25.1&#8243; _module_preset=&#8221;default&#8221; text_text_color=&#8221;#a81125&#8243; text_line_height=&#8221;1.9em&#8221; link_text_color=&#8221;#a81125&#8243; link_line_height=&#8221;2.2em&#8221; header_text_color=&#8221;#a81125&#8243; custom_margin=&#8221;-21px||16px|58px||&#8221; animation_style=&#8221;slide&#8221; animation_direction=&#8221;left&#8221; animation_duration=&#8221;1700ms&#8221; animation_delay=&#8221;600ms&#8221; global_colors_info=&#8221;{}&#8221;]<\/p>\n<p><a href=\"https:\/\/www.fadasa.es\/pt-pt\/produtos\/separadores-de-vidro\/\" style=\"font-weight: 400;\">SEPARADORES DE VIDRO<\/a><\/p>\n<p>[\/et_pb_text][et_pb_text _builder_version=&#8221;4.25.1&#8243; _module_preset=&#8221;default&#8221; text_text_color=&#8221;#a81125&#8243; text_line_height=&#8221;1.9em&#8221; link_text_color=&#8221;#a81125&#8243; link_line_height=&#8221;2.2em&#8221; header_text_color=&#8221;#a81125&#8243; custom_margin=&#8221;-21px||16px|58px||&#8221; animation_style=&#8221;slide&#8221; animation_direction=&#8221;left&#8221; animation_duration=&#8221;1700ms&#8221; animation_delay=&#8221;700ms&#8221; global_colors_info=&#8221;{}&#8221;]<a href=\"https:\/\/www.fadasa.es\/pt-pt\/produtos\/sapatos-para-vidro\/\" style=\"font-weight: 400;\">CAL\u00c7OS PARA ENVIDRA\u00c7AR<\/a>[\/et_pb_text][et_pb_text _builder_version=&#8221;4.25.1&#8243; _module_preset=&#8221;default&#8221; text_text_color=&#8221;#a81125&#8243; text_line_height=&#8221;1.9em&#8221; link_text_color=&#8221;#a81125&#8243; link_line_height=&#8221;2.2em&#8221; header_text_color=&#8221;#a81125&#8243; custom_margin=&#8221;-21px||16px|58px||&#8221; animation_style=&#8221;slide&#8221; animation_direction=&#8221;left&#8221; animation_duration=&#8221;1700ms&#8221; animation_delay=&#8221;800ms&#8221; global_colors_info=&#8221;{}&#8221;]<\/p>\n<p><a href=\"https:\/\/www.fadasa.es\/pt-pt\/produtos\/varios\/\" style=\"font-weight: 400;\">V\u00c1RIOS<\/a><\/p>\n<p>[\/et_pb_text][et_pb_button button_url=&#8221;@ET-DC@eyJkeW5hbWljIjp0cnVlLCJjb250ZW50IjoicG9zdF9saW5rX3VybF9wYWdlIiwic2V0dGluZ3MiOnsicG9zdF9pZCI6IjYwMjUiLCJlbmFibGVfaHRtbCI6Im9mZiJ9fQ==@&#8221; button_text=&#8221;Veja o cat\u00e1logo&#8221; _builder_version=&#8221;4.25.1&#8243; _dynamic_attributes=&#8221;button_url&#8221; _module_preset=&#8221;default&#8221; custom_button=&#8221;on&#8221; button_text_size=&#8221;14px&#8221; button_text_color=&#8221;#a81125&#8243; global_colors_info=&#8221;{}&#8221;][\/et_pb_button][\/et_pb_column][et_pb_column type=&#8221;1_2&#8243; _builder_version=&#8221;4.25.1&#8243; _module_preset=&#8221;default&#8221; global_colors_info=&#8221;{}&#8221;][et_pb_image src=&#8221;https:\/\/www.fadasa.es\/wp-content\/uploads\/2021\/01\/catalogo.png&#8221; title_text=&#8221;catalogo&#8221; _builder_version=&#8221;4.25.1&#8243; _module_preset=&#8221;default&#8221; width=&#8221;80%&#8221; custom_margin=&#8221;|||-30px||&#8221; custom_padding=&#8221;|||0px||&#8221; global_colors_info=&#8221;{}&#8221;][\/et_pb_image][\/et_pb_column][\/et_pb_row][\/et_pb_section][et_pb_section fb_built=&#8221;1&#8243; _builder_version=&#8221;4.25.1&#8243; _module_preset=&#8221;default&#8221; background_color=&#8221;#f6f6f6&#8243; custom_padding=&#8221;0px||0px|||&#8221; global_colors_info=&#8221;{}&#8221;][et_pb_row use_custom_gutter=&#8221;on&#8221; gutter_width=&#8221;1&#8243; _builder_version=&#8221;4.25.1&#8243; _module_preset=&#8221;default&#8221; width=&#8221;100%&#8221; max_width=&#8221;1039px&#8221; module_alignment=&#8221;center&#8221; custom_margin=&#8221;|0px||-162px|false|false&#8221; custom_padding=&#8221;|0px||0px|false|false&#8221; global_colors_info=&#8221;{}&#8221;][et_pb_column type=&#8221;4_4&#8243; _builder_version=&#8221;4.25.1&#8243; _module_preset=&#8221;default&#8221; global_colors_info=&#8221;{}&#8221;][wdcl_logo_carousel slide_count=&#8221;7&#8243; slide_spacing=&#8221;2px&#8221; arrow_type=&#8221;alongside&#8221; arrow_height=&#8221;0px&#8221; arrow_width=&#8221;0px&#8221; arrow_icon_size=&#8221;0px&#8221; arrow_gap=&#8221;2px&#8221; pagi_color=&#8221;RGBA(255,255,255,0)&#8221; logo_hover=&#8221;no_hover&#8221; logo_height=&#8221;50px&#8221; _builder_version=&#8221;4.25.1&#8243; _module_preset=&#8221;default&#8221; width=&#8221;100%&#8221; custom_margin=&#8221;|auto||auto|false|true&#8221; custom_padding=&#8221;||||false|false&#8221; hover_enabled=&#8221;0&#8243; custom_css_free_form=&#8221;.wdcl_logo_carousel_child div img {||||max-height:50px;||||}&#8221; global_colors_info=&#8221;{}&#8221; sticky_enabled=&#8221;0&#8243;][wdcl_logo_carousel_child logo=&#8221;https:\/\/www.fadasa.es\/wp-content\/uploads\/2024\/02\/Technoform_Logo-Frame_Blue-Green_sRGB-scaled.jpg&#8221; _builder_version=&#8221;4.25.1&#8243; custom_margin=&#8221;|15px||15px|false|false&#8221; custom_margin_tablet=&#8221;|15px||15px|false|false&#8221; custom_margin_phone=&#8221;|5px||5px|false|false&#8221; custom_margin_last_edited=&#8221;on|phone&#8221; global_colors_info=&#8221;{}&#8221;][\/wdcl_logo_carousel_child][wdcl_logo_carousel_child logo=&#8221;https:\/\/www.fadasa.es\/wp-content\/uploads\/2025\/04\/ARKEMANUEVO.png&#8221; _builder_version=&#8221;4.25.1&#8243; custom_margin=&#8221;|10px||10px|false|false&#8221; custom_margin_tablet=&#8221;|10px||10px|false|false&#8221; custom_margin_phone=&#8221;|5px||5px|false|false&#8221; custom_margin_last_edited=&#8221;on|phone&#8221; hover_enabled=&#8221;0&#8243; global_colors_info=&#8221;{}&#8221; title_text=&#8221;ARKEMANUEVO&#8221; sticky_enabled=&#8221;0&#8243;][\/wdcl_logo_carousel_child][wdcl_logo_carousel_child logo=&#8221;https:\/\/www.fadasa.es\/wp-content\/uploads\/2021\/07\/chemetall_Mesa-de-trabajo-10.png&#8221; _builder_version=&#8221;4.25.1&#8243; custom_margin=&#8221;|3px||3px|false|false&#8221; custom_margin_tablet=&#8221;|3px||3px|false|false&#8221; custom_margin_phone=&#8221;|5px||5px|false|false&#8221; custom_margin_last_edited=&#8221;on|phone&#8221; global_colors_info=&#8221;{}&#8221;][\/wdcl_logo_carousel_child][wdcl_logo_carousel_child logo=&#8221;https:\/\/www.fadasa.es\/wp-content\/uploads\/2021\/07\/dowsil_Mesa-de-trabajo-10.png&#8221; _builder_version=&#8221;4.25.1&#8243; custom_margin=&#8221;|-15px||-15px|false|false&#8221; custom_margin_tablet=&#8221;|-15px||-15px|false|false&#8221; custom_margin_phone=&#8221;|10px||10px|false|false&#8221; custom_margin_last_edited=&#8221;on|phone&#8221; global_colors_info=&#8221;{}&#8221;][\/wdcl_logo_carousel_child][wdcl_logo_carousel_child logo=&#8221;https:\/\/www.fadasa.es\/wp-content\/uploads\/2021\/07\/incotec_Mesa-de-trabajo-10.png&#8221; _builder_version=&#8221;4.25.1&#8243; custom_margin_tablet=&#8221;&#8221; custom_margin_phone=&#8221;|5px||5px|false|false&#8221; custom_margin_last_edited=&#8221;on|phone&#8221; global_colors_info=&#8221;{}&#8221;][\/wdcl_logo_carousel_child][wdcl_logo_carousel_child logo=&#8221;https:\/\/www.fadasa.es\/wp-content\/uploads\/2021\/07\/nedex_Mesa-de-trabajo-10.png&#8221; _builder_version=&#8221;4.25.1&#8243; custom_margin=&#8221;|10px||10px|false|false&#8221; custom_margin_tablet=&#8221;|10px||10px|false|false&#8221; custom_margin_phone=&#8221;|5px||5px|false|false&#8221; custom_margin_last_edited=&#8221;on|phone&#8221; global_colors_info=&#8221;{}&#8221;][\/wdcl_logo_carousel_child][wdcl_logo_carousel_child logo=&#8221;https:\/\/www.fadasa.es\/wp-content\/uploads\/2021\/07\/profilglass_Mesa-de-trabajo-10.png&#8221; _builder_version=&#8221;4.25.1&#8243; custom_margin=&#8221;|20px||20px|false|false&#8221; custom_margin_tablet=&#8221;|20px||20px|false|false&#8221; custom_margin_phone=&#8221;|5px||5px|false|false&#8221; custom_margin_last_edited=&#8221;on|phone&#8221; global_colors_info=&#8221;{}&#8221;][\/wdcl_logo_carousel_child][wdcl_logo_carousel_child logo=&#8221;https:\/\/www.fadasa.es\/wp-content\/uploads\/2024\/09\/Swisspacer_Logo_Color_transparent.png&#8221; _builder_version=&#8221;4.25.1&#8243; custom_margin=&#8221;|15px||15px|false|false&#8221; custom_margin_tablet=&#8221;|15px||15px|false|false&#8221; custom_margin_phone=&#8221;|5px||5px|false|false&#8221; custom_margin_last_edited=&#8221;on|phone&#8221; global_colors_info=&#8221;{}&#8221;][\/wdcl_logo_carousel_child][wdcl_logo_carousel_child logo=&#8221;https:\/\/www.fadasa.es\/wp-content\/uploads\/2021\/07\/kommerling_Mesa-de-trabajo-1-10.png&#8221; _builder_version=&#8221;4.25.1&#8243; custom_margin=&#8221;|10px||10px|false|false&#8221; custom_margin_tablet=&#8221;|10px||10px|false|false&#8221; custom_margin_phone=&#8221;|3px||3px|false|false&#8221; custom_margin_last_edited=&#8221;on|phone&#8221; global_colors_info=&#8221;{}&#8221;][\/wdcl_logo_carousel_child][\/wdcl_logo_carousel][\/et_pb_column][\/et_pb_row][\/et_pb_section]<\/p>\n","protected":false},"excerpt":{"rendered":"<p>Criada em 1990, a Fadasa (F\u00e1brica Accesorios Doble Acristalaciones, S.A.), nasceu com o prop\u00f3sito de responder \u00e0 crescente procura do sector dos vidros duplos isolantes com o fornecimento de pe\u00e7as de elevada precis\u00e3o, qualidade e tecnologia. &nbsp;PERFIS SEPARADORES ALUM\u00cdNIOPERFIS SEPARADORES T\u00c9RMICOSPERFIS DECORATIVOSSELANTESPRODUTOS QUIMICOSPENEIRA MOLECULARSEPARADORES DE VIDROCAL\u00c7OS PARA ENVIDRA\u00c7ARV\u00c1RIOS<div class=\"et_pb_module wdcl_logo_carousel wdcl_logo_carousel_0\">\n\t\t\t\t\n\t\t\t\t\n\t\t\t\t\n\t\t\t\t\n\t\t\t\t\n\t\t\t\t\n\t\t\t\t<div class=\"et_pb_module_inner\">\n\t\t\t\t\t<div dir=\"ltr\" class=\"wdcl-carousel wdcl-logo-carousel wdcl-carousel-frontend zoom_in\" data-pagi=\"false\"\n\t\t\tdata-pagi-tablet=\"false\"\n\t\t\tdata-pagi-phone=\"false\"\n\t\t\tdata-nav=\"true\"\n\t\t\tdata-nav-tablet=\"true\"\n\t\t\tdata-nav-phone=\"true\"\n\t\t\tdata-autoplay=\"on\"\n\t\t\tdata-autoplay-speed=\"2000ms\"\n\t\t\tdata-speed=\"700ms\"\n\t\t\tdata-slides=\"&#8221;7&#8243;\"\n\t\t\tdata-slides-tablet=\"&#8221;7&#8243;\"\n\t\t\tdata-slides-phone=\"&#8221;7&#8243;\"\n\t\t\tdata-center=\"off\"\n\t\t\tdata-center-mode-type=\"classic\"\n\t\t\tdata-center-padding=\"70px||\"\n\t\t\tdata-vertical=\"off\"\n\t\t\tdata-icon-left=\"4\"\n\t\t\tdata-icon-right=\"5\"\n\t\t\tdata-infinite=\"on\"\n\t\t\tdata-variable-width=\"off\"\n\t\t\tdata-auto-height=\"off\"\n\t\t\tdata-items-scroll=\"1||\"\n\t\t\tdata-fade=\"off\"\n\t\t\tdata-dir=\"ltr\" >\n                \n            <\/div>\n\t\t\t\t<\/div>\n\t\t\t<\/div><\/p>\n","protected":false},"author":1,"featured_media":0,"parent":0,"menu_order":0,"comment_status":"closed","ping_status":"closed","template":"","meta":{"_et_pb_use_builder":"on","_et_pb_old_content":"","_et_gb_content_width":"","footnotes":""},"_links":{"self":[{"href":"https:\/\/www.fadasa.es\/pt-pt\/wp-json\/wp\/v2\/pages\/6689"}],"collection":[{"href":"https:\/\/www.fadasa.es\/pt-pt\/wp-json\/wp\/v2\/pages"}],"about":[{"href":"https:\/\/www.fadasa.es\/pt-pt\/wp-json\/wp\/v2\/types\/page"}],"author":[{"embeddable":true,"href":"https:\/\/www.fadasa.es\/pt-pt\/wp-json\/wp\/v2\/users\/1"}],"replies":[{"embeddable":true,"href":"https:\/\/www.fadasa.es\/pt-pt\/wp-json\/wp\/v2\/comments?post=6689"}],"version-history":[{"count":35,"href":"https:\/\/www.fadasa.es\/pt-pt\/wp-json\/wp\/v2\/pages\/6689\/revisions"}],"predecessor-version":[{"id":253314,"href":"https:\/\/www.fadasa.es\/pt-pt\/wp-json\/wp\/v2\/pages\/6689\/revisions\/253314"}],"wp:attachment":[{"href":"https:\/\/www.fadasa.es\/pt-pt\/wp-json\/wp\/v2\/media?parent=6689"}],"curies":[{"name":"wp","href":"https:\/\/api.w.org\/{rel}","templated":true}]}}