{"id":249114,"date":"2024-10-07T08:49:05","date_gmt":"2024-10-07T08:49:05","guid":{"rendered":"https:\/\/www.fadasa.es\/aviso-legal\/"},"modified":"2024-10-08T12:45:44","modified_gmt":"2024-10-08T12:45:44","slug":"aviso-legal","status":"publish","type":"page","link":"https:\/\/www.fadasa.es\/pt-pt\/aviso-legal\/","title":{"rendered":"Jur\u00eddico"},"content":{"rendered":"<p>[et_pb_section fb_built=&#8221;1&#8243; admin_label=&#8221;section&#8221; _builder_version=&#8221;4.16&#8243; global_colors_info=&#8221;{}&#8221;][et_pb_row _builder_version=&#8221;4.25.1&#8243; _module_preset=&#8221;default&#8221; global_colors_info=&#8221;{}&#8221;][et_pb_column type=&#8221;4_4&#8243; _builder_version=&#8221;4.25.1&#8243; _module_preset=&#8221;default&#8221; global_colors_info=&#8221;{}&#8221;][et_pb_heading title=&#8221;JUR\u00cdDICO&#8221; _builder_version=&#8221;4.25.1&#8243; _module_preset=&#8221;default&#8221; title_text_align=&#8221;center&#8221; hover_enabled=&#8221;0&#8243; border_width_bottom=&#8221;1px&#8221; border_color_bottom=&#8221;#d6d6d6&#8243; global_colors_info=&#8221;{}&#8221; sticky_enabled=&#8221;0&#8243;][\/et_pb_heading][et_pb_text _builder_version=&#8221;4.25.1&#8243; _module_preset=&#8221;default&#8221; hover_enabled=&#8221;0&#8243; custom_css_free_form=&#8221;        table {||            width: 100%;||            border-collapse: collapse;||            background-color: #f9f9f9; \/* Fondo gris *\/||        }||        th, td {||            padding: 10px;||            text-align: left;||        }||        th {||            background-color: #f9f9f9; \/* Fondo gris m\u00e1s oscuro para la cabecera *\/||        }||        tr {||            border-bottom: 2px solid #a81125; \/* L\u00ednea separadora roja *\/||        }||&#8221; global_colors_info=&#8221;{}&#8221; text_orientation=&#8221;justified&#8221; sticky_enabled=&#8221;0&#8243;]<\/p>\n<p>As presentes condi\u00e7\u00f5es de uso regulam o acesso ao site <a href=\"https:\/\/www.fadasa.es\/\">https:\/\/www.fadasa.es<\/a> (doravante, o Site) e o uso dos conte\u00fados e servi\u00e7os oferecidos atrav\u00e9s do mesmo aos seus utilizadores (doravante, Utilizador ou Utilizadores). Em conformidade com o disposto no artigo 10 da Lei 34\/2002, de 11 de julho, de Servi\u00e7os da Sociedade da Informa\u00e7\u00e3o e Com\u00e9rcio Eletr\u00f3nico, informamos que o Site \u00e9 propriedade de **FABRICA ACCESORIOS DOBLE ACRISTALAMIENTO, S.A. \u2013FADASA-** (doravante, o titular do Site), com sede social na **Calle Pe\u00f1a Santa n\u00ba 3, Pol\u00edgono Industrial Silvota, 33690, Llanera (Ast\u00farias)**, e **N.I.F. n\u00famero A33131400**, inscrita no Registo Comercial das Ast\u00farias, Tomo 1049, Folha 64, Ficha AS-1006, Inscri\u00e7\u00e3o 1\u00aa. Email: <a href=\"mailto:productos@fadasa.es\">productos@fadasa.es<\/a> e telefone de contacto: +34 985 264 960. O titular do Site informa aos Usu\u00e1rios que este Site serve como plataforma de distribui\u00e7\u00e3o de conte\u00fados, sendo titular ou dispondo da correspondente licen\u00e7a de uso sobre os diferentes conte\u00fados, nos quais se incluem as marcas, textos, fotografias, audiovisuais, desenhos, designs, software, c\u00f3digo-fonte e informa\u00e7\u00f5es incorporadas e expostas ao longo do Site. O acesso ao Site \u00e9 gratuito, salvo no que se refere ao custo da conex\u00e3o atrav\u00e9s da rede de telecomunica\u00e7\u00f5es fornecida pelo provedor de acesso contratado pelos Usu\u00e1rios. A utiliza\u00e7\u00e3o do Site atribui a condi\u00e7\u00e3o de Usu\u00e1rio e implica a aceita\u00e7\u00e3o de todas as condi\u00e7\u00f5es, sem qualquer reserva por sua parte, inclu\u00eddas neste Aviso Legal, bem como todas aquelas outras que possam derivar da normativa vigente e que n\u00e3o se contemplam expressamente no presente Aviso Legal. A presta\u00e7\u00e3o do servi\u00e7o do Site tem uma dura\u00e7\u00e3o limitada ao momento em que o Usu\u00e1rio se encontre conectado ao Site ou a algum dos servi\u00e7os que, atrav\u00e9s dele, s\u00e3o facilitados. Portanto, o Usu\u00e1rio deve ler atentamente o presente Aviso Legal em cada uma das ocasi\u00f5es em que se propuser utilizar o Site, j\u00e1 que podem ocorrer modifica\u00e7\u00f5es. Al\u00e9m disso, \u00e9 necess\u00e1rio que o Usu\u00e1rio revise as pol\u00edticas de privacidade e cookies para obter informa\u00e7\u00f5es mais completas sobre o Site, j\u00e1 que podem conter particularidades em rela\u00e7\u00e3o a este Aviso Legal e \u00e0 pol\u00edtica de privacidade geral do titular do Site.<\/p>\n<p class=\"p3\"><span class=\"s1\"><b>Condi\u00e7\u00f5es de uso do Site<\/b><\/span><\/p>\n<p class=\"p3\"><span class=\"s1\">As condi\u00e7\u00f5es que regem os diferentes servi\u00e7os dispon\u00edveis no Site est\u00e3o sujeitas, entre outras, \u00e0 seguinte normativa, na parte que for aplic\u00e1vel: Lei 34\/2002, de 11 de julho, de Servi\u00e7os da Sociedade da Informa\u00e7\u00e3o e Com\u00e9rcio Eletr\u00f4nico; Regulamento UE 2016\/679, de 27 de abril, relativo \u00e0 prote\u00e7\u00e3o das pessoas f\u00edsicas no que diz respeito ao tratamento de dados pessoais e \u00e0 livre circula\u00e7\u00e3o desses dados e que revoga a Diretiva 95\/46\/CE (Regulamento Geral de Prote\u00e7\u00e3o de Dados); Lei Org\u00e2nica 3\/2018, de 5 de dezembro, de Prote\u00e7\u00e3o de Dados Pessoais e garantia dos direitos digitais;<\/span><span> <\/span><span class=\"s1\">Real Decreto Legislativo 1\/1996, de 12 de abril, que aprova o texto consolidado da Lei de Propriedade Intelectual; Lei 17\/2001, de 7 de dezembro, de Marcas.<\/span><\/p>\n<p class=\"p3\"><span class=\"s1\">O uso e acesso aos conte\u00fados que o Site abriga implica o conhecimento de todas as cl\u00e1usulas inclu\u00eddas neste Aviso Legal, na pol\u00edtica de privacidade e sobre cookies, que t\u00eam como objetivo informar os Usu\u00e1rios sobre os direitos, usos, proibi\u00e7\u00f5es e responsabilidades ao acessar e navegar pelo Site.<\/span><\/p>\n<p class=\"p3\"><span class=\"s1\">O uso que possa ser feito das informa\u00e7\u00f5es contidas no Site \u00e9 de exclusiva responsabilidade de quem o realiza. O Usu\u00e1rio obriga-se a utilizar corretamente os servi\u00e7os e conte\u00fados do Site de conformidade com o conte\u00fado do presente Aviso Legal, a normativa vigente tanto nacional quanto da Uni\u00e3o Europeia e sob os princ\u00edpios de boa f\u00e9 e com a devida dilig\u00eancia, proibindo-se explicitamente qualquer uso il\u00edcito, contr\u00e1rio \u00e0 ordem p\u00fablica e\/ou lesivo dos direitos e interesses das pessoas. <\/span><\/p>\n<p class=\"p3\"><span class=\"s1\">\u00c9 expressamente proibido o uso do Site com fins il\u00edcitos ou lesivos aos bens, interesses ou reputa\u00e7\u00e3o do titular do Site ou de terceiros ou que, de qualquer outra forma, danifiquem ou inutilizem qualquer elemento de hardware ou software do titular do Site ou de terceiros. Al\u00e9m disso, o Usu\u00e1rio abster-se-\u00e1 de utilizar identidades falsas, usurpar a identidade de qualquer outra pessoa ou utilizar uma identidade que n\u00e3o esteja autorizado a utilizar. <\/span><\/p>\n<p class=\"p3\"><span class=\"s1\">N\u00e3o \u00e9 permitida a modifica\u00e7\u00e3o do Site nem de seus conte\u00fados. A utiliza\u00e7\u00e3o indevida ou n\u00e3o autorizada, assim como os danos ou preju\u00edzos que possam ser ocasionados como consequ\u00eancia do descumprimento dessa obriga\u00e7\u00e3o, dar\u00e1 lugar \u00e0s a\u00e7\u00f5es que legalmente correspondam e, se for o caso, \u00e0s responsabilidades que desse exerc\u00edcio se derivem. <\/span><\/p>\n<p class=\"p3\"><span class=\"s1\">\u00c9 proibido o envio de correio massivo n\u00e3o solicitado ou correio n\u00e3o solicitado (spam) dirigido a contas de e-mail utilizadas ou publicadas neste Site. Al\u00e9m disso, \u00e9 proibido utilizar este Site com fins comerciais ou de maneira inadequada, atendendo \u00e0 sua pr\u00f3pria finalidade. O Usu\u00e1rio n\u00e3o poder\u00e1 acessar o Site de modo que danifique, deteriore, inutilize ou sobrecarregue os servi\u00e7os e\/ou informa\u00e7\u00f5es oferecidas. <\/span><\/p>\n<p class=\"p3\"><span class=\"s1\">O titular do Site reserva-se o direito de empreender as a\u00e7\u00f5es arbitrais ou judiciais que considerar oportunas no caso de os Usu\u00e1rios utilizarem o Site de forma indevida ou ilegal. O Usu\u00e1rio responder\u00e1 perante o titular do Site ou perante terceiros por quaisquer danos e preju\u00edzos que possam ser causados como consequ\u00eancia do descumprimento destas obriga\u00e7\u00f5es. <\/span><\/p>\n<p class=\"p3\"><span class=\"s1\"><b>Exclus\u00e3o de responsabilidade<\/b><\/span><\/p>\n<p class=\"p3\"><span class=\"s1\">O titular do Site n\u00e3o assume responsabilidade alguma, dentro dos limites estabelecidos na legisla\u00e7\u00e3o espanhola, perante o Usu\u00e1rio nem perante terceiros que n\u00e3o seja a devida diretamente \u00e0 sua pr\u00f3pria neglig\u00eancia grave ou dolo, ficando o uso do Site sob a absoluta responsabilidade do Usu\u00e1rio.<\/span><\/p>\n<p class=\"p3\"><span class=\"s1\">Consequentemente, o titular do Site n\u00e3o se responsabiliza pelos danos diretos ou indiretos, consequentes da utiliza\u00e7\u00e3o ou impossibilidade de utiliza\u00e7\u00e3o do Site, inclu\u00edda a perda de dados que se produzirem por ocasi\u00e3o ou em rela\u00e7\u00e3o com o uso do Site. Nesse sentido, o titular do Site n\u00e3o se responsabilizar\u00e1 em nenhum caso pelos danos e preju\u00edzos derivados de circunst\u00e2ncias especiais ou incidentais, nem por danos indiretos ou emergentes, inclusive, a t\u00edtulo enunciativo, aqueles que se derivem de interrup\u00e7\u00e3o de neg\u00f3cio, lucro cessante ou benef\u00edcios ou economias n\u00e3o realizadas, mesmo que o titular do Site tenha sido notificado da possibilidade de tais danos. <\/span><\/p>\n<p class=\"p3\"><span class=\"s1\">O acesso ao Site n\u00e3o implica a obriga\u00e7\u00e3o por parte do titular de comprovar a veracidade, exatid\u00e3o, adequa\u00e7\u00e3o, idoneidade, exaustividade e atualidade das informa\u00e7\u00f5es fornecidas atrav\u00e9s dele. Os conte\u00fados deste Site s\u00e3o de car\u00e1ter geral, com a finalidade de informar sobre os diferentes servi\u00e7os que o titular do Site oferece aos seus Usu\u00e1rios. O titular do Site n\u00e3o se responsabiliza pelas decis\u00f5es tomadas a partir das informa\u00e7\u00f5es fornecidas no Site nem pelos danos e preju\u00edzos produzidos no Usu\u00e1rio ou terceiros em raz\u00e3o de atua\u00e7\u00f5es que tenham como \u00fanico fundamento as informa\u00e7\u00f5es obtidas no Site. <\/span><\/p>\n<p class=\"p3\"><span class=\"s1\">Al\u00e9m disso, o acesso ao Site n\u00e3o implica a obriga\u00e7\u00e3o por parte do titular de controlar a aus\u00eancia de qualquer elemento inform\u00e1tico danoso que possa prejudicar os bens dos Usu\u00e1rios. Compete ao Usu\u00e1rio, em todo caso, dispor de ferramentas adequadas para a detec\u00e7\u00e3o e desinfec\u00e7\u00e3o de programas inform\u00e1ticos danosos ou malware que possam afet\u00e1-lo durante a navega\u00e7\u00e3o pelo Site. Nesse sentido, o titular do Site n\u00e3o se responsabiliza pelos danos nem preju\u00edzos produzidos nos equipamentos inform\u00e1ticos durante a presta\u00e7\u00e3o do servi\u00e7o do Site. <\/span><\/p>\n<p class=\"p3\"><span class=\"s1\">O acesso ao Site requer servi\u00e7os e fornecimentos de terceiros, incluindo o transporte atrav\u00e9s de redes de telecomunica\u00e7\u00f5es, cuja confiabilidade, qualidade, continuidade e funcionamento n\u00e3o correspondem ao titular do Site. Devido \u00e0 gest\u00e3o por parte de terceiros de parte dos servi\u00e7os que d\u00e3o suporte, os servi\u00e7os dispon\u00edveis podem ser suspensos, cancelados ou resultar inacess\u00edveis durante o acesso ou navega\u00e7\u00e3o por ele. Ser\u00e3o feitos todos os esfor\u00e7os para que os impactos por essas causas ou por tarefas de manuten\u00e7\u00e3o sejam os m\u00ednimos poss\u00edveis. O titular do Site n\u00e3o se responsabiliza por nenhum dano ou preju\u00edzo sofrido pelo Usu\u00e1rio que derive do acesso ao Site ou do uso de informa\u00e7\u00f5es ou aplica\u00e7\u00f5es nele contidas. <\/span><\/p>\n<p class=\"p3\"><span class=\"s1\">Al\u00e9m disso, o titular do Site n\u00e3o ser\u00e1 respons\u00e1vel por qualquer falha causada por qualquer fato ou circunst\u00e2ncia fora de seu controle, incluindo, mas n\u00e3o limitado a, ataques de nega\u00e7\u00e3o de servi\u00e7o, insurrei\u00e7\u00f5es, inc\u00eandios, inunda\u00e7\u00f5es, tempestades, explos\u00f5es, guerra, terrorismo e greves.<\/span><\/p>\n<p class=\"p3\"><span class=\"s1\">O Site pode incluir links que permitem aos Usu\u00e1rios acessar outros portais ou sites da Internet, n\u00e3o sendo o titular do Site respons\u00e1vel pelos conte\u00fados inclu\u00eddos nesses links, salvo se tiver conhecimento manifesto de sua ilicitude e n\u00e3o tiver desativado o link com a devida dilig\u00eancia. Se um Usu\u00e1rio considerar a exist\u00eancia de um link com conte\u00fados il\u00edcitos ou inadequados, poder\u00e1 comunic\u00e1-lo ao titular do Site para que realize as verifica\u00e7\u00f5es pertinentes. <\/span><\/p>\n<p class=\"p3\"><span class=\"s1\"><b>Propriedade intelectual e industrial do Site<\/b><\/span><\/p>\n<p class=\"p3\"><span class=\"s1\">Todos os servi\u00e7os e conte\u00fados do Site, entendendo por estes a t\u00edtulo meramente enunciativo as marcas, textos, fotografias, gr\u00e1ficos, imagens gr\u00e1ficas, \u00edcones, tecnologia, software, links e demais conte\u00fados audiovisuais ou sonoros, assim como seu design gr\u00e1fico e c\u00f3digos-fonte, est\u00e3o sujeitos \u00e0 normativa de propriedade intelectual, sendo propriedade do titular do Site, seja a t\u00edtulo pr\u00f3prio ou por licen\u00e7a ou cess\u00e3o por parte de terceiros propriet\u00e1rios que pode ser total ou parcial, de car\u00e1ter permanente ou tempor\u00e1rio.<\/span><\/p>\n<p class=\"p3\"><span class=\"s1\">O uso dos servi\u00e7os prestados atrav\u00e9s do Site n\u00e3o atribui aos Usu\u00e1rios a titularidade dos conte\u00fados nem nenhum dos direitos de explora\u00e7\u00e3o reconhecidos na normativa de propriedade intelectual, entre os quais se inclui a c\u00f3pia, a distribui\u00e7\u00e3o ou a transforma\u00e7\u00e3o dos mesmos.<\/span><\/p>\n<p class=\"p3\"><span class=\"s1\">As marcas, nomes comerciais ou sinais distintivos s\u00e3o propriedade do titular do Site ou de terceiros que as cedem para seu uso, sem que possa entender-se que o acesso ao Site atribui qualquer direito sobre os mesmos, ficando proibido seu uso, salvo autoriza\u00e7\u00e3o expressa do titular do Site ou do terceiro que seja seu leg\u00edtimo titular.<\/span><\/p>\n<p class=\"p3\"><span class=\"s1\">O Usu\u00e1rio, de acordo com a legisla\u00e7\u00e3o vigente, dever\u00e1 abster-se de copiar, distribuir, colocar \u00e0 disposi\u00e7\u00e3o, comunicar publicamente, transformar ou modificar os conte\u00fados, imagens, documentos ou textos do Site, salvo nos casos autorizados na lei ou expressamente consentidos pelo titular do Site ou por quem detenha a titularidade dos direitos de explora\u00e7\u00e3o.<\/span><\/p>\n<p class=\"p3\"><span class=\"s1\">Com car\u00e1ter meramente enunciativo, e n\u00e3o limitativo, \u00e9 proibido aos usu\u00e1rios do Site:<\/span><\/p>\n<ul>\n<li class=\"li3\"><span class=\"s1\">Explorar comercialmente os conte\u00fados do Site, incluindo nesta proibi\u00e7\u00e3o os produtos derivados ap\u00f3s sua modifica\u00e7\u00e3o, c\u00f3pia ou reutiliza\u00e7\u00e3o.<\/span><\/li>\n<li class=\"li3\"><span class=\"s1\">Reproduzir, copiar, extrair, colocar \u00e0 disposi\u00e7\u00e3o, comunicar publicamente, modificar, transformar ou reutilizar para uso privado ou explora\u00e7\u00e3o comercial, todos os conte\u00fados do Site, incluindo design gr\u00e1fico, c\u00f3digo-fonte, software ou base de dados.<\/span><\/li>\n<li class=\"li3\"><span class=\"s1\">Utilizar qualquer marca, nome comercial ou logotipo do titular do Site.<\/span><\/li>\n<\/ul>\n<p class=\"p3\"><span class=\"s1\">Fica proibida a reprodu\u00e7\u00e3o dos conte\u00fados do Site em p\u00e1ginas web de terceiros ou em redes sociais. O titular da p\u00e1gina web ou perfil de redes sociais que reproduzir os conte\u00fados indevidamente e em desacordo com este Aviso Legal ser\u00e1 respons\u00e1vel pelos danos e preju\u00edzos que possam ser causados ao titular do Site ou a qualquer terceiro. <\/span><\/p>\n<p class=\"p3\"><span class=\"s1\"><b>Dura\u00e7\u00e3o e modifica\u00e7\u00e3o<\/b><\/span><\/p>\n<p class=\"p3\"><span class=\"s1\">O presente Aviso Legal tem a vig\u00eancia que durar sua exposi\u00e7\u00e3o.<\/span><\/p>\n<p class=\"p3\"><span class=\"s1\">O presente Aviso Legal, a Pol\u00edtica de Privacidade e a Pol\u00edtica de Cookies poder\u00e3o ser modificados pelo titular do Site a qualquer momento, seja em sua totalidade ou de forma parcial, devendo os Usu\u00e1rios revisar o conte\u00fado periodicamente para verificar as informa\u00e7\u00f5es contidas nos mesmos. As modifica\u00e7\u00f5es produzem efeitos a partir do momento em que s\u00e3o publicadas no Site. <\/span><\/p>\n<p class=\"p3\"><span class=\"s1\"><b>Nulidade e inefic\u00e1cia<\/b><\/span><\/p>\n<p class=\"p3\"><span class=\"s1\">No caso de qualquer ponto das presentes condi\u00e7\u00f5es ser considerado nulo ou inaplic\u00e1vel, parcial ou totalmente, pela aplica\u00e7\u00e3o de uma modifica\u00e7\u00e3o normativa ou por senten\u00e7a judicial ou laudo arbitral, manter-se-\u00e1 a vig\u00eancia do restante do Aviso Legal.<\/span><\/p>\n<p class=\"p3\"><span class=\"s1\">O n\u00e3o exerc\u00edcio ou execu\u00e7\u00e3o das a\u00e7\u00f5es ou direitos contra terceiros pelo descumprimento das disposi\u00e7\u00f5es ou proibi\u00e7\u00f5es contidas no presente Aviso Legal por parte do titular do Site n\u00e3o constituir\u00e1 ren\u00fancia aos mesmos, salvo reconhecimento e acordo escrito por sua parte.<\/span><\/p>\n<p class=\"p3\"><span class=\"s1\"><b>Lei aplic\u00e1vel e jurisdi\u00e7\u00e3o<\/b><\/span><\/p>\n<p class=\"p3\"><span class=\"s1\">O presente Aviso Legal ser\u00e1 regido e interpretado de acordo com a legisla\u00e7\u00e3o espanhola que seja aplic\u00e1vel. Todo conflito, controv\u00e9rsia ou situa\u00e7\u00e3o derivada das presentes condi\u00e7\u00f5es ser\u00e1 submetido aos Ju\u00edzos e Tribunais do domic\u00edlio social do titular do Site identificado no cabe\u00e7alho do presente Aviso Legal, renunciando expressamente as partes a qualquer outro foro que lhes possa corresponder. <\/span><\/p>\n<p>[\/et_pb_text][\/et_pb_column][\/et_pb_row][\/et_pb_section]<\/p>\n","protected":false},"excerpt":{"rendered":"<p>As presentes condi\u00e7\u00f5es de uso regulam o acesso ao site https:\/\/www.fadasa.es (doravante, o Site) e o uso dos conte\u00fados e servi\u00e7os oferecidos atrav\u00e9s do mesmo aos seus utilizadores (doravante, Utilizador ou Utilizadores). Em conformidade com o disposto no artigo 10 da Lei 34\/2002, de 11 de julho, de Servi\u00e7os da Sociedade da Informa\u00e7\u00e3o e Com\u00e9rcio [&hellip;]<\/p>\n","protected":false},"author":1,"featured_media":0,"parent":0,"menu_order":0,"comment_status":"closed","ping_status":"closed","template":"","meta":{"_et_pb_use_builder":"on","_et_pb_old_content":"","_et_gb_content_width":"","footnotes":""},"_links":{"self":[{"href":"https:\/\/www.fadasa.es\/pt-pt\/wp-json\/wp\/v2\/pages\/249114"}],"collection":[{"href":"https:\/\/www.fadasa.es\/pt-pt\/wp-json\/wp\/v2\/pages"}],"about":[{"href":"https:\/\/www.fadasa.es\/pt-pt\/wp-json\/wp\/v2\/types\/page"}],"author":[{"embeddable":true,"href":"https:\/\/www.fadasa.es\/pt-pt\/wp-json\/wp\/v2\/users\/1"}],"replies":[{"embeddable":true,"href":"https:\/\/www.fadasa.es\/pt-pt\/wp-json\/wp\/v2\/comments?post=249114"}],"version-history":[{"count":10,"href":"https:\/\/www.fadasa.es\/pt-pt\/wp-json\/wp\/v2\/pages\/249114\/revisions"}],"predecessor-version":[{"id":249793,"href":"https:\/\/www.fadasa.es\/pt-pt\/wp-json\/wp\/v2\/pages\/249114\/revisions\/249793"}],"wp:attachment":[{"href":"https:\/\/www.fadasa.es\/pt-pt\/wp-json\/wp\/v2\/media?parent=249114"}],"curies":[{"name":"wp","href":"https:\/\/api.w.org\/{rel}","templated":true}]}}