{"id":248553,"date":"2024-10-03T11:35:08","date_gmt":"2024-10-03T11:35:08","guid":{"rendered":"https:\/\/www.fadasa.es\/politica-de-cookies\/"},"modified":"2024-10-03T11:35:08","modified_gmt":"2024-10-03T11:35:08","slug":"politica-de-cookies","status":"publish","type":"page","link":"https:\/\/www.fadasa.es\/pt-pt\/politica-de-cookies\/","title":{"rendered":"Politica de cookies"},"content":{"rendered":"<p>[et_pb_section fb_built=&#8221;1&#8243; admin_label=&#8221;section&#8221; _builder_version=&#8221;4.16&#8243; global_colors_info=&#8221;{}&#8221; theme_builder_area=&#8221;post_content&#8221;][et_pb_row _builder_version=&#8221;4.25.1&#8243; _module_preset=&#8221;default&#8221; global_colors_info=&#8221;{}&#8221; theme_builder_area=&#8221;post_content&#8221;][et_pb_column type=&#8221;4_4&#8243; _builder_version=&#8221;4.25.1&#8243; _module_preset=&#8221;default&#8221; global_colors_info=&#8221;{}&#8221; theme_builder_area=&#8221;post_content&#8221;][et_pb_heading title=&#8221;POL\u00cdTICA DE COOKIES&#8221; _builder_version=&#8221;4.25.1&#8243; _module_preset=&#8221;default&#8221; title_text_align=&#8221;center&#8221; hover_enabled=&#8221;0&#8243; border_width_bottom=&#8221;1px&#8221; border_color_bottom=&#8221;#d6d6d6&#8243; global_colors_info=&#8221;{}&#8221; theme_builder_area=&#8221;post_content&#8221; sticky_enabled=&#8221;0&#8243;][\/et_pb_heading][et_pb_text _builder_version=&#8221;4.25.1&#8243; _module_preset=&#8221;default&#8221; hover_enabled=&#8221;0&#8243; custom_css_free_form=&#8221;        table {||            width: 100%;||            border-collapse: collapse;||            background-color: #f9f9f9; \/* Fondo gris *\/||        }||        th, td {||            padding: 10px;||            text-align: left;||        }||        th {||            background-color: #f9f9f9; \/* Fondo gris m\u00e1s oscuro para la cabecera *\/||        }||        tr {||            border-bottom: 2px solid #a81125; \/* L\u00ednea separadora roja *\/||        }||&#8221; global_colors_info=&#8221;{}&#8221; theme_builder_area=&#8221;post_content&#8221; sticky_enabled=&#8221;0&#8243;]<\/p>\n<div id=\"fws_66e91e82cf1d4\" data-column-margin=\"default\" data-midnight=\"dark\" class=\"wpb_row vc_row-fluid vc_row top-level standard_section \">\n<div class=\"row_col_wrap_12 col span_12 dark left\">\n<div class=\"vc_col-sm-12 wpb_column column_container vc_column_container col no-extra-padding inherit_tablet inherit_phone instance-0\" data-t-w-inherits=\"default\" data-bg-cover=\"\" data-padding-pos=\"all\" data-has-bg-color=\"false\" data-bg-color=\"\" data-bg-opacity=\"1\" data-hover-bg=\"\" data-hover-bg-opacity=\"1\" data-animation=\"\" data-delay=\"0\">\n<div class=\"vc_column-inner\">\n<div class=\"wpb_wrapper\">\n<div class=\"wpb_text_column wpb_content_element \">\n<div class=\"wpb_wrapper\">\n<div id=\"fws_66e920967941d\" data-column-margin=\"default\" data-midnight=\"dark\" class=\"wpb_row vc_row-fluid vc_row standard_section \">\n<div class=\"row_col_wrap_12 col span_12 dark left\">\n<div class=\"vc_col-sm-12 wpb_column column_container vc_column_container col no-extra-padding inherit_tablet inherit_phone instance-1\" data-t-w-inherits=\"default\" data-bg-cover=\"\" data-padding-pos=\"all\" data-has-bg-color=\"false\" data-bg-color=\"\" data-bg-opacity=\"1\" data-hover-bg=\"\" data-hover-bg-opacity=\"1\" data-animation=\"\" data-delay=\"0\">\n<div class=\"vc_column-inner\">\n<div class=\"wpb_wrapper\">\n<div class=\"nectar-gradient-text\" data-direction=\"horizontal\" data-color=\"extra-color-gradient-2\">\n<h3>1. Introdu\u00e7\u00e3o<\/h3>\n<\/div>\n<div class=\"wpb_text_column wpb_content_element \">\n<div class=\"wpb_wrapper\">\n<p>Nosso site,<span> <\/span><a href=\"https:\/\/fadasa.es\/\">https:\/\/fadasa.es<\/a><span> <\/span>(doravante: \u00abo site\u00bb) utiliza cookies e outras tecnologias relacionadas (para maior comodidade, todas as tecnologias s\u00e3o denominadas \u00abcookies\u00bb). As cookies tamb\u00e9m s\u00e3o colocadas por terceiros que contratamos. No documento a seguir, informamos sobre o uso de cookies em nosso site.  <\/p>\n<p>&nbsp;<\/p>\n<\/div>\n<\/div>\n<\/div>\n<\/div>\n<\/div>\n<\/div>\n<\/div>\n<div id=\"fws_66e92096797b5\" data-column-margin=\"default\" data-midnight=\"dark\" class=\"wpb_row vc_row-fluid vc_row standard_section \">\n<div class=\"row-bg-wrap\" data-bg-animation=\"none\" data-bg-overlay=\"false\">\n<div class=\"inner-wrap\">\n<div class=\"row-bg\"><\/div>\n<\/div>\n<div class=\"row-bg-overlay\"><\/div>\n<\/div>\n<div class=\"row_col_wrap_12 col span_12 dark left\">\n<div class=\"vc_col-sm-12 wpb_column column_container vc_column_container col no-extra-padding inherit_tablet inherit_phone instance-2\" data-t-w-inherits=\"default\" data-bg-cover=\"\" data-padding-pos=\"all\" data-has-bg-color=\"false\" data-bg-color=\"\" data-bg-opacity=\"1\" data-hover-bg=\"\" data-hover-bg-opacity=\"1\" data-animation=\"\" data-delay=\"0\">\n<div class=\"vc_column-inner\">\n<div class=\"column-bg-overlay-wrap\" data-bg-animation=\"none\">\n<div class=\"column-bg-overlay\"><\/div>\n<\/div>\n<div class=\"wpb_wrapper\">\n<div class=\"nectar-gradient-text\" data-direction=\"horizontal\" data-color=\"extra-color-gradient-2\">\n<h3>2. O que s\u00e3o cookies?<\/h3>\n<\/div>\n<div class=\"wpb_text_column wpb_content_element \">\n<div class=\"wpb_wrapper\">\n<p>Uma cookie \u00e9 um pequeno arquivo simples que \u00e9 enviado junto com as p\u00e1ginas deste site e que seu navegador armazena no disco r\u00edgido do seu computador ou de outro dispositivo. A informa\u00e7\u00e3o armazenada pode ser retornada aos nossos servidores ou aos servidores de terceiros relevantes durante uma visita posterior. <\/p>\n<p>&nbsp;<\/p>\n<\/div>\n<\/div>\n<\/div>\n<\/div>\n<\/div>\n<\/div>\n<\/div>\n<div id=\"fws_66e9209679a01\" data-column-margin=\"default\" data-midnight=\"dark\" class=\"wpb_row vc_row-fluid vc_row standard_section \">\n<div class=\"row-bg-wrap\" data-bg-animation=\"none\" data-bg-overlay=\"false\">\n<div class=\"inner-wrap\">\n<div class=\"row-bg\"><\/div>\n<\/div>\n<div class=\"row-bg-overlay\"><\/div>\n<\/div>\n<div class=\"row_col_wrap_12 col span_12 dark left\">\n<div class=\"vc_col-sm-12 wpb_column column_container vc_column_container col no-extra-padding inherit_tablet inherit_phone instance-3\" data-t-w-inherits=\"default\" data-bg-cover=\"\" data-padding-pos=\"all\" data-has-bg-color=\"false\" data-bg-color=\"\" data-bg-opacity=\"1\" data-hover-bg=\"\" data-hover-bg-opacity=\"1\" data-animation=\"\" data-delay=\"0\">\n<div class=\"vc_column-inner\">\n<div class=\"column-bg-overlay-wrap\" data-bg-animation=\"none\">\n<div class=\"column-bg-overlay\"><\/div>\n<\/div>\n<div class=\"wpb_wrapper\">\n<div class=\"nectar-gradient-text\" data-direction=\"horizontal\" data-color=\"extra-color-gradient-2\">\n<h3>3. O que s\u00e3o scripts?<\/h3>\n<\/div>\n<div class=\"wpb_text_column wpb_content_element \">\n<div class=\"wpb_wrapper\">\n<p>Um script \u00e9 um trecho de c\u00f3digo de programa que \u00e9 usado para fazer com que nosso site funcione corretamente e de forma interativa. Este c\u00f3digo \u00e9 executado em nosso servidor ou em seu dispositivo. <\/p>\n<p>&nbsp;<\/p>\n<\/div>\n<\/div>\n<\/div>\n<\/div>\n<\/div>\n<\/div>\n<\/div>\n<div id=\"fws_66e9209679c4a\" data-column-margin=\"default\" data-midnight=\"dark\" class=\"wpb_row vc_row-fluid vc_row standard_section \">\n<div class=\"row-bg-wrap\" data-bg-animation=\"none\" data-bg-overlay=\"false\">\n<div class=\"inner-wrap\">\n<div class=\"row-bg\"><\/div>\n<\/div>\n<div class=\"row-bg-overlay\"><\/div>\n<\/div>\n<div class=\"row_col_wrap_12 col span_12 dark left\">\n<div class=\"vc_col-sm-12 wpb_column column_container vc_column_container col no-extra-padding inherit_tablet inherit_phone instance-4\" data-t-w-inherits=\"default\" data-bg-cover=\"\" data-padding-pos=\"all\" data-has-bg-color=\"false\" data-bg-color=\"\" data-bg-opacity=\"1\" data-hover-bg=\"\" data-hover-bg-opacity=\"1\" data-animation=\"\" data-delay=\"0\">\n<div class=\"vc_column-inner\">\n<div class=\"column-bg-overlay-wrap\" data-bg-animation=\"none\">\n<div class=\"column-bg-overlay\"><\/div>\n<\/div>\n<div class=\"wpb_wrapper\">\n<div class=\"nectar-gradient-text\" data-direction=\"horizontal\" data-color=\"extra-color-gradient-2\">\n<h3>4. O que \u00e9 um web beacon?<\/h3>\n<\/div>\n<div class=\"wpb_text_column wpb_content_element \">\n<div class=\"wpb_wrapper\">\n<p>Um web beacon (ou uma tag de pixel) \u00e9 um pequeno peda\u00e7o de texto ou imagem invis\u00edvel em um site que \u00e9 usado para monitorar o tr\u00e1fego no site. Para isso, v\u00e1rios dados sobre voc\u00ea s\u00e3o armazenados atrav\u00e9s de web beacons. <\/p>\n<p>&nbsp;<\/p>\n<\/div>\n<\/div>\n<\/div>\n<\/div>\n<\/div>\n<\/div>\n<\/div>\n<div id=\"fws_66e9209679ea6\" data-column-margin=\"default\" data-midnight=\"dark\" class=\"wpb_row vc_row-fluid vc_row standard_section \">\n<div class=\"row-bg-wrap\" data-bg-animation=\"none\" data-bg-overlay=\"false\">\n<div class=\"inner-wrap\">\n<div class=\"row-bg\"><\/div>\n<\/div>\n<div class=\"row-bg-overlay\"><\/div>\n<\/div>\n<div class=\"row_col_wrap_12 col span_12 dark left\">\n<div class=\"vc_col-sm-12 wpb_column column_container vc_column_container col no-extra-padding inherit_tablet inherit_phone instance-5\" data-t-w-inherits=\"default\" data-bg-cover=\"\" data-padding-pos=\"all\" data-has-bg-color=\"false\" data-bg-color=\"\" data-bg-opacity=\"1\" data-hover-bg=\"\" data-hover-bg-opacity=\"1\" data-animation=\"\" data-delay=\"0\">\n<div class=\"vc_column-inner\">\n<div class=\"column-bg-overlay-wrap\" data-bg-animation=\"none\">\n<div class=\"column-bg-overlay\"><\/div>\n<\/div>\n<div class=\"wpb_wrapper\">\n<div class=\"nectar-gradient-text\" data-direction=\"horizontal\" data-color=\"extra-color-gradient-2\">\n<h3>5. Cookies<\/h3>\n<\/div>\n<div class=\"wpb_text_column wpb_content_element \">\n<div class=\"wpb_wrapper\">\n<p class=\"cmplz-subtitle\"><strong>5.1 Cookies t\u00e9cnicas ou funcionais<\/strong><\/p>\n<p>Algumas cookies garantem que certas partes do site funcionem corretamente e que suas prefer\u00eancias de usu\u00e1rio continuem sendo lembradas. Ao colocar cookies funcionais, facilitamos sua visita ao nosso site. Dessa forma, voc\u00ea n\u00e3o precisa inserir repetidamente as mesmas informa\u00e7\u00f5es quando visita nosso site e, por exemplo, os itens permanecem no seu carrinho de compras at\u00e9 que voc\u00ea tenha pago. Podemos colocar essas cookies sem o seu consentimento.   <\/p>\n<p class=\"cmplz-subtitle\"><strong>5.2 Cookies de estat\u00edsticas<\/strong><\/p>\n<p>Usamos cookies de estat\u00edsticas para otimizar a experi\u00eancia no site para nossos usu\u00e1rios. Com essas cookies estat\u00edsticas, obtemos conhecimentos sobre o uso do nosso site. Pedimos sua permiss\u00e3o para colocar cookies de estat\u00edsticas.  <\/p>\n<p class=\"cmplz-subtitle\"><strong>5.3 Cookies de marketing\/rastreamento<\/strong><\/p>\n<p>As cookies de marketing\/rastreamento s\u00e3o cookies, ou qualquer outra forma de armazenamento local, usadas para criar perfis de usu\u00e1rio para exibir publicidade ou para fazer o rastreamento do usu\u00e1rio neste site ou em v\u00e1rios sites com fins de marketing semelhantes. Pedimos sua permiss\u00e3o para colocar cookies de marketing\/rastreamento. <\/p>\n<p>&nbsp;<\/p>\n<\/div>\n<\/div>\n<\/div>\n<\/div>\n<\/div>\n<\/div>\n<\/div>\n<div id=\"fws_66e920967a10e\" data-column-margin=\"default\" data-midnight=\"dark\" class=\"wpb_row vc_row-fluid vc_row standard_section \">\n<div class=\"row-bg-wrap\" data-bg-animation=\"none\" data-bg-overlay=\"false\">\n<div class=\"inner-wrap\">\n<div class=\"row-bg\"><\/div>\n<\/div>\n<div class=\"row-bg-overlay\"><\/div>\n<\/div>\n<div class=\"row_col_wrap_12 col span_12 dark left\">\n<div class=\"vc_col-sm-12 wpb_column column_container vc_column_container col no-extra-padding inherit_tablet inherit_phone instance-6\" data-t-w-inherits=\"default\" data-bg-cover=\"\" data-padding-pos=\"all\" data-has-bg-color=\"false\" data-bg-color=\"\" data-bg-opacity=\"1\" data-hover-bg=\"\" data-hover-bg-opacity=\"1\" data-animation=\"\" data-delay=\"0\">\n<div class=\"vc_column-inner\">\n<div class=\"column-bg-overlay-wrap\" data-bg-animation=\"none\">\n<div class=\"column-bg-overlay\"><\/div>\n<\/div>\n<div class=\"wpb_wrapper\">\n<div class=\"nectar-gradient-text\" data-direction=\"horizontal\" data-color=\"extra-color-gradient-2\">\n<h3>6. Cookies utilizadas<\/h3>\n<\/div>\n<div class=\"wpb_text_column wpb_content_element \">\n<div class=\"wpb_wrapper\">\n<table cellspacing=\"0\" cellpadding=\"0\">\n<tbody>\n<tr>\n<td valign=\"top\"> <strong>Nome<\/strong><\/td>\n<td valign=\"top\"><span><b>funcionlidade<\/b><\/span><\/td>\n<td valign=\"top\"><strong>Proposito<\/strong><\/td>\n<td valign=\"top\"><strong>Dura\u00e7\u00e3o<\/strong><\/td>\n<\/tr>\n<tr>\n<td valign=\"top\"><span>Cmplz_choice<\/span><\/td>\n<td valign=\"top\">para armazenar se uma mensagem foi descartada <\/td>\n<td valign=\"top\">Funcional<\/td>\n<td valign=\"top\">1 ano<\/td>\n<\/tr>\n<tr>\n<td valign=\"top\"><span>Cmplz_functional<\/span><\/td>\n<td valign=\"top\">armazenar as prefer\u00eancias de consentimento das cookies <\/td>\n<td valign=\"top\"><span>Funcional<\/span><\/td>\n<td valign=\"top\">1 ano<\/td>\n<\/tr>\n<tr>\n<td valign=\"top\"><span>Cmplz_policy_id<\/span><\/td>\n<td valign=\"top\">armazenar o ID da pol\u00edtica de cookies aceita <\/td>\n<td valign=\"top\"><span>Funcional<\/span><\/td>\n<td valign=\"top\">1 ano<\/td>\n<\/tr>\n<tr>\n<td valign=\"top\"><span>Cmplz_statistics-Anonymous<\/span><\/td>\n<td valign=\"top\">para armazenar as prefer\u00eancias de consentimento das cookies.<\/td>\n<td valign=\"top\">Funcional<\/td>\n<td valign=\"top\">1 ano<\/td>\n<\/tr>\n<tr>\n<td valign=\"top\"><span>Bp_ut_session<\/span><\/td>\n<td valign=\"top\">para armazenar um ID de sess\u00e3o \u00fanico.<\/td>\n<td valign=\"top\"><span>Prefer\u00eancias<\/span><\/td>\n<td valign=\"top\">sess\u00e3o<\/td>\n<\/tr>\n<tr>\n<td valign=\"top\"><span>_gid<\/span><\/td>\n<td valign=\"top\"><span>Usada para distinguir os usu\u00e1rios.<\/span><\/td>\n<td valign=\"top\"><span>Estat\u00edsticas<\/span><\/td>\n<td valign=\"top\">1 d\u00eda<\/td>\n<\/tr>\n<tr>\n<td valign=\"top\"><span>_ga<\/span><\/td>\n<td valign=\"top\"><span>Usada para distinguir os usu\u00e1rios.<\/span><\/td>\n<td valign=\"top\">Google Analytics<\/td>\n<td valign=\"top\"><span>2 anos<\/span><\/td>\n<\/tr>\n<tr>\n<td valign=\"top\"><span>_gat_gtag_UA_*_1<\/span><\/td>\n<td valign=\"top\">para armazenar e acompanhar as convers\u00f5es.<\/td>\n<td valign=\"top\"><span>Google Analytics<\/span><\/td>\n<td valign=\"top\">1 hora<\/td>\n<\/tr>\n<tr>\n<td valign=\"top\"><span>Google Fonts API<\/span><\/td>\n<td valign=\"top\"><span>para ler o endere\u00e7o IP do usu\u00e1rio.<\/span><\/td>\n<td valign=\"top\"><span>Marketing\/Rastreamento<\/span><\/td>\n<td valign=\"top\">expira imediatamente<\/td>\n<\/tr>\n<tr>\n<td valign=\"top\"><\/td>\n<td valign=\"top\"><\/td>\n<td valign=\"top\"><\/td>\n<td valign=\"top\"><\/td>\n<\/tr>\n<\/tbody>\n<\/table>\n<\/div>\n<\/div>\n<\/div>\n<\/div>\n<\/div>\n<\/div>\n<\/div>\n<div id=\"fws_66e920967a4d9\" data-column-margin=\"default\" data-midnight=\"dark\" class=\"wpb_row vc_row-fluid vc_row standard_section \">\n<div class=\"row-bg-wrap\" data-bg-animation=\"none\" data-bg-overlay=\"false\">\n<div class=\"inner-wrap\">\n<div class=\"row-bg\"><\/div>\n<\/div>\n<div class=\"row-bg-overlay\"><\/div>\n<\/div>\n<div class=\"row_col_wrap_12 col span_12 dark left\">\n<div class=\"vc_col-sm-12 wpb_column column_container vc_column_container col no-extra-padding inherit_tablet inherit_phone instance-7\" data-t-w-inherits=\"default\" data-bg-cover=\"\" data-padding-pos=\"all\" data-has-bg-color=\"false\" data-bg-color=\"\" data-bg-opacity=\"1\" data-hover-bg=\"\" data-hover-bg-opacity=\"1\" data-animation=\"\" data-delay=\"0\">\n<div class=\"vc_column-inner\">\n<div class=\"column-bg-overlay-wrap\" data-bg-animation=\"none\">\n<div class=\"column-bg-overlay\"><\/div>\n<\/div>\n<div class=\"wpb_wrapper\">\n<div class=\"nectar-gradient-text\" data-direction=\"horizontal\" data-color=\"extra-color-gradient-2\">\n<h3><\/h3>\n<h3><\/h3>\n<h3>7. Consentimento<\/h3>\n<\/div>\n<div class=\"wpb_text_column wpb_content_element \">\n<div class=\"wpb_wrapper\">\n<p>Quando voc\u00ea visitar nosso site pela primeira vez, mostraremos um painel informativo de cookies no qual ser\u00e1 informado sobre como pode dar ou recusar seu consentimento para instalar as cookies. Assim que voc\u00ea clicar em \u00abSalvar prefer\u00eancias\u00bb, voc\u00ea aceita que usemos as categorias de cookies e plugins que selecionou na janela pop-up, conforme descrito nesta pol\u00edtica de cookies. <br \/>A partir desse painel informativo, o usu\u00e1rio pode aceitar todas as cookies pressionando o bot\u00e3o \u201cAceitar tudo\u201d, negar o uso de cookies clicando no bot\u00e3o \u201cDescartar\u201d ou configur\u00e1-las clicando no bot\u00e3o \u201cPrefer\u00eancias\u201d.<br \/>A qualquer momento, voc\u00ea pode revogar seu consentimento modificando suas prefer\u00eancias a partir do bot\u00e3o \u201cGerenciar consentimento\u201d que aparece na parte inferior da p\u00e1gina inicial do site.<br \/>Al\u00e9m disso, poder\u00e1 desabilit\u00e1-las ou retirar seu consentimento previamente concedido a qualquer momento, eliminando as cookies instaladas em seu dispositivo mediante a configura\u00e7\u00e3o das op\u00e7\u00f5es do navegador, conforme indicado na se\u00e7\u00e3o \u201cAtiva\u00e7\u00e3o, desativa\u00e7\u00e3o e elimina\u00e7\u00e3o de cookies\u201d.<\/p>\n<p>&nbsp;<\/p>\n<\/div>\n<\/div>\n<\/div>\n<\/div>\n<\/div>\n<\/div>\n<\/div>\n<div id=\"fws_66e920967a72d\" data-column-margin=\"default\" data-midnight=\"dark\" class=\"wpb_row vc_row-fluid vc_row standard_section \">\n<div class=\"row-bg-wrap\" data-bg-animation=\"none\" data-bg-overlay=\"false\">\n<div class=\"inner-wrap\">\n<div class=\"row-bg\"><\/div>\n<\/div>\n<div class=\"row-bg-overlay\"><\/div>\n<\/div>\n<div class=\"row_col_wrap_12 col span_12 dark left\">\n<div class=\"vc_col-sm-12 wpb_column column_container vc_column_container col no-extra-padding inherit_tablet inherit_phone instance-8\" data-t-w-inherits=\"default\" data-bg-cover=\"\" data-padding-pos=\"all\" data-has-bg-color=\"false\" data-bg-color=\"\" data-bg-opacity=\"1\" data-hover-bg=\"\" data-hover-bg-opacity=\"1\" data-animation=\"\" data-delay=\"0\">\n<div class=\"vc_column-inner\">\n<div class=\"column-bg-overlay-wrap\" data-bg-animation=\"none\">\n<div class=\"column-bg-overlay\"><\/div>\n<\/div>\n<div class=\"wpb_wrapper\">\n<div class=\"nectar-gradient-text\" data-direction=\"horizontal\" data-color=\"extra-color-gradient-2\">\n<h3>8. Ativa\u00e7\u00e3o, desativa\u00e7\u00e3o e elimina\u00e7\u00e3o de cookies<\/h3>\n<\/div>\n<div class=\"wpb_text_column wpb_content_element \">\n<div class=\"wpb_wrapper\">\n<p>O usu\u00e1rio pode permitir, bloquear ou eliminar as cookies instaladas em seu dispositivo mediante a configura\u00e7\u00e3o das op\u00e7\u00f5es do navegador, de acordo com as seguintes informa\u00e7\u00f5es:<br \/><strong>Google Chrome <\/strong><span> <\/span><a href=\"https:\/\/support.google.com\/accounts\/answer\/61416?co=GENIE.Platform%3DDesktop&amp;hl=es\">https:\/\/support.google.com\/accounts\/answer\/61416?co=GENIE.Platform%3DDesktop&amp;hl=es<\/a><br \/><strong>Internet Explorer<\/strong><span> <\/span><a href=\"https:\/\/support.microsoft.com\/es-es\/topic\/c%C3%B3mo-eliminar-archivos-de-cookies-en-internet-explorer-bca9446f-d873-78de-77ba-d42645fa52fc\">https:\/\/support.microsoft.com\/es-es\/topic\/c%C3%B3mo-eliminar-archivos-de-cookies-en-internet-explorer-bca9446f-d873-78de-77ba-d42645fa52fc<\/a><br \/><strong>Mozilla Firefox<\/strong><span> <\/span><a href=\"https:\/\/support.mozilla.org\/es\/kb\/Borrar%20cookies\">https:\/\/support.mozilla.org\/es\/kb\/Borrar%20cookies<\/a><br \/><strong>Safari<\/strong><span> <\/span><a href=\"https:\/\/support.apple.com\/es-es\/guide\/safari\/sfri11471\/mac\">https:\/\/support.apple.com\/es-es\/guide\/safari\/sfri11471\/mac<\/a><br \/><strong>Safari para IOS (iPhone y iPad)<span>:<\/span> <\/strong><a href=\"https:\/\/support.apple.com\/es-es\/HT201265\">https:\/\/support.apple.com\/es-es\/HT201265<\/a><br \/><strong>Chrome para Android<span>:<\/span><\/strong><a href=\"https:\/\/support.google.com\/accounts\/answer\/61416?co=GENIE.Platform%3DAndroid&amp;hl=es&amp;oco=1\">https:\/\/support.google.com\/accounts\/answer\/61416?co=GENIE.Platform%3DAndroidhl=esoco=1<\/a><br \/><strong>Chrome para Iphone y Ipad<span>.<\/span> <\/strong><a href=\"https:\/\/support.google.com\/accounts\/answer\/61416?co=GENIE.Platform%3DiOS&amp;hl=es&amp;oco=1\">https:\/\/support.google.com\/accounts\/answer\/61416?co=GENIE.Platform%3DiOShl=esoco=1 <\/a><br \/>Se voc\u00ea usar um navegador diferente, consulte as instru\u00e7\u00f5es do mesmo para a configura\u00e7\u00e3o das cookies.<br \/>Se desejar desabilitar as cookies do Google Analytics, pode encontrar mais informa\u00e7\u00f5es aqui:<br \/><a href=\"https:\/\/tools.google.com\/dlpage\/gaoptout?hl=es\">https:\/\/tools.google.com\/dlpage\/gaoptout?hl=es<\/a><br \/>Por \u00faltimo, informamos que, no caso de n\u00e3o aceitar a instala\u00e7\u00e3o de cookies ou desabilitar alguma delas na configura\u00e7\u00e3o, \u00e9 poss\u00edvel que certos servi\u00e7os n\u00e3o estejam dispon\u00edveis sem a utiliza\u00e7\u00e3o das cookies ou que voc\u00ea n\u00e3o possa acessar a determinados servi\u00e7os oferecidos por este site.<\/p>\n<p>&nbsp;<\/p>\n<\/div>\n<\/div>\n<\/div>\n<\/div>\n<\/div>\n<\/div>\n<\/div>\n<div id=\"fws_66e920967a9eb\" data-column-margin=\"default\" data-midnight=\"dark\" class=\"wpb_row vc_row-fluid vc_row standard_section \">\n<div class=\"row-bg-wrap\" data-bg-animation=\"none\" data-bg-overlay=\"false\">\n<div class=\"inner-wrap\">\n<div class=\"row-bg\"><\/div>\n<\/div>\n<div class=\"row-bg-overlay\"><\/div>\n<\/div>\n<div class=\"row_col_wrap_12 col span_12 dark left\">\n<div class=\"vc_col-sm-12 wpb_column column_container vc_column_container col no-extra-padding inherit_tablet inherit_phone instance-9\" data-t-w-inherits=\"default\" data-bg-cover=\"\" data-padding-pos=\"all\" data-has-bg-color=\"false\" data-bg-color=\"\" data-bg-opacity=\"1\" data-hover-bg=\"\" data-hover-bg-opacity=\"1\" data-animation=\"\" data-delay=\"0\">\n<div class=\"vc_column-inner\">\n<div class=\"column-bg-overlay-wrap\" data-bg-animation=\"none\">\n<div class=\"column-bg-overlay\"><\/div>\n<\/div>\n<div class=\"wpb_wrapper\">\n<div class=\"nectar-gradient-text\" data-direction=\"horizontal\" data-color=\"extra-color-gradient-2\">\n<h3>Transfer\u00eancias internacionais<\/h3>\n<\/div>\n<div class=\"wpb_text_column wpb_content_element \">\n<div class=\"wpb_wrapper\">\n<p>Este site utiliza o Google Analytics, um servi\u00e7o de an\u00e1lise de web da Google Inc. As informa\u00e7\u00f5es geradas pelas cookies utilizadas pelo Google Analytics podem ser transferidas e armazenadas em um servidor da Google nos EUA.<br \/>A transfer\u00eancia internacional de dados pessoais est\u00e1 sujeita a cl\u00e1usulas contratuais padr\u00e3o aprovadas pela Comiss\u00e3o Europeia, embora recomendemos que se informe sobre os termos e condi\u00e7\u00f5es clicando no seguinte link: <br \/><a href=\"https:\/\/developers.google.com\/analytics\/devguides\/collection\/analyticsjs\/cookie-usage\">https:\/\/developers.google.com\/analytics\/devguides\/collection\/analyticsjs\/cookie-usage<\/a><\/p>\n<\/div>\n<\/div>\n<\/div>\n<\/div>\n<\/div>\n<\/div>\n<\/div>\n<div id=\"fws_66e920967ac3c\" data-column-margin=\"default\" data-midnight=\"dark\" class=\"wpb_row vc_row-fluid vc_row standard_section \">\n<div class=\"row-bg-wrap\" data-bg-animation=\"none\" data-bg-overlay=\"false\">\n<div class=\"inner-wrap\">\n<div class=\"row-bg\"><\/div>\n<\/div>\n<div class=\"row-bg-overlay\"><\/div>\n<\/div>\n<div class=\"row_col_wrap_12 col span_12 dark left\">\n<div class=\"vc_col-sm-12 wpb_column column_container vc_column_container col no-extra-padding inherit_tablet inherit_phone instance-10\" data-t-w-inherits=\"default\" data-bg-cover=\"\" data-padding-pos=\"all\" data-has-bg-color=\"false\" data-bg-color=\"\" data-bg-opacity=\"1\" data-hover-bg=\"\" data-hover-bg-opacity=\"1\" data-animation=\"\" data-delay=\"0\">\n<div class=\"vc_column-inner\">\n<div class=\"column-bg-overlay-wrap\" data-bg-animation=\"none\">\n<div class=\"column-bg-overlay\"><\/div>\n<\/div>\n<div class=\"wpb_wrapper\">\n<div class=\"nectar-gradient-text\" data-direction=\"horizontal\" data-color=\"extra-color-gradient-2\">\n<h3>Mais informa\u00e7\u00f5es<\/h3>\n<\/div>\n<div class=\"wpb_text_column wpb_content_element \">\n<div class=\"wpb_wrapper\">\n<p>Voc\u00ea pode obter mais informa\u00e7\u00f5es sobre o tratamento de seus dados pessoais na se\u00e7\u00e3o<span>:<\/span> <a href=\"https:\/\/fadasa.es\/politica-privacidad\/\">Pol\u00edtica de Privacidade.<\/a><\/p>\n<\/div>\n<\/div>\n<\/div>\n<\/div>\n<\/div>\n<\/div>\n<\/div>\n<\/div>\n<\/div>\n<\/div>\n<\/div>\n<\/div>\n<\/div>\n<\/div>\n<p>[\/et_pb_text][\/et_pb_column][\/et_pb_row][\/et_pb_section]<\/p>\n","protected":false},"excerpt":{"rendered":"<p>1. Introdu\u00e7\u00e3o Nosso site, https:\/\/fadasa.es (doravante: \u00abo site\u00bb) utiliza cookies e outras tecnologias relacionadas (para maior comodidade, todas as tecnologias s\u00e3o denominadas \u00abcookies\u00bb). As cookies tamb\u00e9m s\u00e3o colocadas por terceiros que contratamos. No documento a seguir, informamos sobre o uso de cookies em nosso site. &nbsp; 2. O que s\u00e3o cookies? Uma cookie \u00e9 um [&hellip;]<\/p>\n","protected":false},"author":1,"featured_media":0,"parent":0,"menu_order":0,"comment_status":"closed","ping_status":"closed","template":"","meta":{"_et_pb_use_builder":"on","_et_pb_old_content":"","_et_gb_content_width":"","footnotes":""},"_links":{"self":[{"href":"https:\/\/www.fadasa.es\/pt-pt\/wp-json\/wp\/v2\/pages\/248553"}],"collection":[{"href":"https:\/\/www.fadasa.es\/pt-pt\/wp-json\/wp\/v2\/pages"}],"about":[{"href":"https:\/\/www.fadasa.es\/pt-pt\/wp-json\/wp\/v2\/types\/page"}],"author":[{"embeddable":true,"href":"https:\/\/www.fadasa.es\/pt-pt\/wp-json\/wp\/v2\/users\/1"}],"replies":[{"embeddable":true,"href":"https:\/\/www.fadasa.es\/pt-pt\/wp-json\/wp\/v2\/comments?post=248553"}],"version-history":[{"count":2,"href":"https:\/\/www.fadasa.es\/pt-pt\/wp-json\/wp\/v2\/pages\/248553\/revisions"}],"predecessor-version":[{"id":248555,"href":"https:\/\/www.fadasa.es\/pt-pt\/wp-json\/wp\/v2\/pages\/248553\/revisions\/248555"}],"wp:attachment":[{"href":"https:\/\/www.fadasa.es\/pt-pt\/wp-json\/wp\/v2\/media?parent=248553"}],"curies":[{"name":"wp","href":"https:\/\/api.w.org\/{rel}","templated":true}]}}