{"id":248433,"date":"2024-10-03T10:03:20","date_gmt":"2024-10-03T10:03:20","guid":{"rendered":"https:\/\/www.fadasa.es\/condicoes-gerais-de-venda\/"},"modified":"2024-10-03T10:03:20","modified_gmt":"2024-10-03T10:03:20","slug":"condicoes-gerais-de-venda","status":"publish","type":"page","link":"https:\/\/www.fadasa.es\/pt-pt\/condicoes-gerais-de-venda\/","title":{"rendered":"CONDI\u00c7\u00d5ES GERAIS DE VENDA"},"content":{"rendered":"<p>[et_pb_section fb_built=&#8221;1&#8243; admin_label=&#8221;section&#8221; _builder_version=&#8221;4.16&#8243; global_colors_info=&#8221;{}&#8221; theme_builder_area=&#8221;post_content&#8221;][et_pb_row _builder_version=&#8221;4.25.1&#8243; _module_preset=&#8221;default&#8221; global_colors_info=&#8221;{}&#8221; theme_builder_area=&#8221;post_content&#8221;][et_pb_column type=&#8221;4_4&#8243; _builder_version=&#8221;4.25.1&#8243; _module_preset=&#8221;default&#8221; global_colors_info=&#8221;{}&#8221; theme_builder_area=&#8221;post_content&#8221;][et_pb_heading title=&#8221;CONDI\u00c7\u00d5ES GERAIS DE VENDA&#8221; _builder_version=&#8221;4.25.1&#8243; _module_preset=&#8221;default&#8221; title_text_align=&#8221;center&#8221; hover_enabled=&#8221;0&#8243; border_width_bottom=&#8221;1px&#8221; border_color_bottom=&#8221;#d6d6d6&#8243; global_colors_info=&#8221;{}&#8221; theme_builder_area=&#8221;post_content&#8221; sticky_enabled=&#8221;0&#8243;][\/et_pb_heading][et_pb_text _builder_version=&#8221;4.25.1&#8243; _module_preset=&#8221;default&#8221; hover_enabled=&#8221;0&#8243; custom_css_free_form=&#8221;        table {||            width: 100%;||            border-collapse: collapse;||            background-color: #f9f9f9; \/* Fondo gris *\/||        }||        th, td {||            padding: 10px;||            text-align: left;||        }||        th {||            background-color: #f9f9f9; \/* Fondo gris m\u00e1s oscuro para la cabecera *\/||        }||        tr {||            border-bottom: 2px solid #a81125; \/* L\u00ednea separadora roja *\/||        }||&#8221; global_colors_info=&#8221;{}&#8221; theme_builder_area=&#8221;post_content&#8221; sticky_enabled=&#8221;0&#8243;]<\/p>\n<div id=\"fws_66e91e82cf1d4\" data-column-margin=\"default\" data-midnight=\"dark\" class=\"wpb_row vc_row-fluid vc_row top-level standard_section \">\n<div class=\"row_col_wrap_12 col span_12 dark left\">\n<div class=\"vc_col-sm-12 wpb_column column_container vc_column_container col no-extra-padding inherit_tablet inherit_phone instance-0\" data-t-w-inherits=\"default\" data-bg-cover=\"\" data-padding-pos=\"all\" data-has-bg-color=\"false\" data-bg-color=\"\" data-bg-opacity=\"1\" data-hover-bg=\"\" data-hover-bg-opacity=\"1\" data-animation=\"\" data-delay=\"0\">\n<div class=\"vc_column-inner\">\n<div class=\"wpb_wrapper\">\n<div class=\"wpb_text_column wpb_content_element \">\n<div class=\"wpb_wrapper\">\n<div id=\"fws_66e920967941d\" data-column-margin=\"default\" data-midnight=\"dark\" class=\"wpb_row vc_row-fluid vc_row standard_section \">\n<div class=\"row_col_wrap_12 col span_12 dark left\">\n<div class=\"vc_col-sm-12 wpb_column column_container vc_column_container col no-extra-padding inherit_tablet inherit_phone instance-1\" data-t-w-inherits=\"default\" data-bg-cover=\"\" data-padding-pos=\"all\" data-has-bg-color=\"false\" data-bg-color=\"\" data-bg-opacity=\"1\" data-hover-bg=\"\" data-hover-bg-opacity=\"1\" data-animation=\"\" data-delay=\"0\">\n<div class=\"vc_column-inner\">\n<div class=\"wpb_wrapper\">\n<div class=\"nectar-gradient-text\" data-direction=\"horizontal\" data-color=\"extra-color-gradient-2\">\n<p>1.-Consideram-se aceitas pelo cliente as seguintes condi\u00e7\u00f5es gerais de venda a partir do momento em que realiza um pedido.<\/p>\n<p>2.-F\u00e1brica Accesorios Doble Acristalamiento S.A. (doravante FADASA) reserva-se o direito de pactuar contratualmente condi\u00e7\u00f5es diferentes das gerais.<\/p>\n<p>3.-A FADASA \u00e9 respons\u00e1vel pelas mercadorias at\u00e9 que elas saiam de suas instala\u00e7\u00f5es. Qualquer deteriora\u00e7\u00e3o posterior entende-se imput\u00e1vel ao transportador. A FADASA n\u00e3o \u00e9 diretamente respons\u00e1vel por atrasos nas entregas causados pelo transportador. A FADASA n\u00e3o se responsabilizar\u00e1 em nenhum caso por atrasos razo\u00e1veis devido a greves, feriados, casos fortuitos ou for\u00e7a maior.   <\/p>\n<p>4.- A FADASA far\u00e1 as reclama\u00e7\u00f5es correspondentes por deteriora\u00e7\u00e3o ou atraso da mercadoria por parte do transporte e proceder\u00e1 aos cr\u00e9ditos ou reposi\u00e7\u00f5es que forem cab\u00edveis, desde que o cliente:<\/p>\n<ol>\n<li>Revise a totalidade da mercadoria no momento da entrega.<\/li>\n<li>Fa\u00e7a constar na nota de entrega do transporte os danos ou faltas que ocorram.<\/li>\n<li>Comunique \u00e0 FADASA os danos ou faltas dentro das 24 horas seguintes ao recebimento da mercadoria.<\/li>\n<\/ol>\n<p>5.- Em caso de reclama\u00e7\u00f5es por envio de mercadoria err\u00f4nea, o cliente dever\u00e1 comprovar o suposto erro e solicitar troca ou devolu\u00e7\u00e3o no prazo m\u00e1ximo de 10 dias. Para proceder \u00e0 reposi\u00e7\u00e3o, reservamo-nos o direito de escolher a forma de envio. Decorrido esse prazo, a FADASA declina toda responsabilidade.  <\/p>\n<p>6.-Se a reclama\u00e7\u00e3o versar sobre a qualidade das mercadorias, o cliente dever\u00e1 informar \u00e0 FADASA dentro de um prazo m\u00e1ximo de 1 m\u00eas, fornecendo dados identificativos suficientes (produto, data de recebimento, n\u00famero de lote, etc.).<\/p>\n<p>7.-A FADASA n\u00e3o aceitar\u00e1 devolu\u00e7\u00f5es de mercadorias que n\u00e3o apresentem sua embalagem original.<\/p>\n<p>8.-A FADASA n\u00e3o se responsabiliza pela gest\u00e3o ambiental das embalagens industriais, que, segundo a legisla\u00e7\u00e3o vigente, s\u00e3o de responsabilidade do possuidor final.<\/p>\n<p>9.-Qualquer tipo de reclama\u00e7\u00e3o fora de tempo e forma ou sobre mercadorias que tenham expirado na sede do cliente ou que tenham se deteriorado por n\u00e3o serem armazenadas em condi\u00e7\u00f5es corretas pelo cliente, n\u00e3o ser\u00e3o atendidas pela FADASA.<\/p>\n<p>10.-Se o cliente n\u00e3o respeitar os prazos de pagamento ou resultar insolvente\/inadimplente, reservamo-nos o direito de suspender os pedidos e exigir os cr\u00e9ditos, mesmo que n\u00e3o estejam vencidos.<\/p>\n<p>11.-O pagamento considera-se efetuado no dia em que nossa entidade banc\u00e1ria o registrar. A FADASA reserva-se o direito de solicitar os juros decorrentes desde a data de pagamento prevista at\u00e9 a efetiva, exceto nos casos de perda do desconto por pagamento antecipado. Cada atraso nos pagamentos ocasiona um juro passivo (de compensa\u00e7\u00e3o) de 10% anual.  <\/p>\n<p>12.-A mercadoria continua sendo propriedade da FADASA at\u00e9 o pagamento total do pre\u00e7o. Em caso de pagamentos mediante nota promiss\u00f3ria ou letra <\/p>\n<p>de c\u00e2mbio, a mercadoria pertence \u00e0 FADASA at\u00e9 seu ingresso.<\/p>\n<p>Em caso de fal\u00eancia do cliente, a mercadoria continuar\u00e1 sendo propriedade da FADASA mesmo que tenha sido vendida a um terceiro.<\/p>\n<p>13.-Em caso de controv\u00e9rsia, para vendas a serem realizadas tanto dentro como fora da Espanha, ambas as partes renunciam formalmente ao seu foro pr\u00f3prio, submetendo-se expressamente aos Ju\u00edzos e Tribunais de Oviedo.<\/p>\n<p>14.-Seus dados far\u00e3o parte de um arquivo automatizado de propriedade da FADASA criado com fins comerciais. Seus dados pessoais ser\u00e3o utilizados para a manuten\u00e7\u00e3o da rela\u00e7\u00e3o contratual entre cliente e vendedor e o envio de informa\u00e7\u00f5es, por qualquer meio, sobre nossos servi\u00e7os e produtos. <\/p>\n<p>A FADASA somente comunicar\u00e1 os dados pessoais dos clientes aos fornecedores quando for estritamente necess\u00e1rio para cumprir com a rela\u00e7\u00e3o contratual. Com a aceita\u00e7\u00e3o destas condi\u00e7\u00f5es, o cliente autoriza expressamente a FADASA ao tratamento de seus dados pessoais, \u00e0 cess\u00e3o dos mesmos e ao envio de informa\u00e7\u00e3o publicit\u00e1ria por qualquer meio. Em qualquer caso, o cliente poder\u00e1 fazer uso dos direitos de oposi\u00e7\u00e3o, acesso, retifica\u00e7\u00e3o e cancelamento de acordo com o estabelecido na Lei Org\u00e2nica 15\/1999, de 13 de dezembro, de Prote\u00e7\u00e3o de Dados de Car\u00e1ter Pessoal, dirigindo-se a: FADASA, C\/ PE\u00d1A SANTA, PARCELA N\u00ba 3, POL\u00cdGONO INDUSTRIAL DE SILVOTA, 33192 AST\u00daRIAS ou entrando em contato por e-mail:  <\/p>\n<p><a href=\"mailto:productos@fadasa.es\"><a href=\"mailto:productos@fadasa.es\">productos@fadasa.es<\/a><\/a><\/p>\n<\/div>\n<\/div>\n<\/div>\n<\/div>\n<\/div>\n<\/div>\n<div id=\"fws_66e920967ac3c\" data-column-margin=\"default\" data-midnight=\"dark\" class=\"wpb_row vc_row-fluid vc_row standard_section \">\n<div class=\"row_col_wrap_12 col span_12 dark left\">\n<div class=\"vc_col-sm-12 wpb_column column_container vc_column_container col no-extra-padding inherit_tablet inherit_phone instance-10\" data-t-w-inherits=\"default\" data-bg-cover=\"\" data-padding-pos=\"all\" data-has-bg-color=\"false\" data-bg-color=\"\" data-bg-opacity=\"1\" data-hover-bg=\"\" data-hover-bg-opacity=\"1\" data-animation=\"\" data-delay=\"0\">\n<div class=\"vc_column-inner\">\n<div class=\"wpb_wrapper\">\n<div class=\"wpb_text_column wpb_content_element \">\n<div class=\"wpb_wrapper\"><\/div>\n<\/div>\n<\/div>\n<\/div>\n<\/div>\n<\/div>\n<\/div>\n<\/div>\n<\/div>\n<\/div>\n<\/div>\n<\/div>\n<\/div>\n<\/div>\n<p>[\/et_pb_text][\/et_pb_column][\/et_pb_row][\/et_pb_section]<\/p>\n","protected":false},"excerpt":{"rendered":"<p>1.-Consideram-se aceitas pelo cliente as seguintes condi\u00e7\u00f5es gerais de venda a partir do momento em que realiza um pedido. 2.-F\u00e1brica Accesorios Doble Acristalamiento S.A. (doravante FADASA) reserva-se o direito de pactuar contratualmente condi\u00e7\u00f5es diferentes das gerais. 3.-A FADASA \u00e9 respons\u00e1vel pelas mercadorias at\u00e9 que elas saiam de suas instala\u00e7\u00f5es. Qualquer deteriora\u00e7\u00e3o posterior entende-se imput\u00e1vel ao [&hellip;]<\/p>\n","protected":false},"author":1,"featured_media":0,"parent":0,"menu_order":0,"comment_status":"closed","ping_status":"closed","template":"","meta":{"_et_pb_use_builder":"on","_et_pb_old_content":"","_et_gb_content_width":"","footnotes":""},"_links":{"self":[{"href":"https:\/\/www.fadasa.es\/pt-pt\/wp-json\/wp\/v2\/pages\/248433"}],"collection":[{"href":"https:\/\/www.fadasa.es\/pt-pt\/wp-json\/wp\/v2\/pages"}],"about":[{"href":"https:\/\/www.fadasa.es\/pt-pt\/wp-json\/wp\/v2\/types\/page"}],"author":[{"embeddable":true,"href":"https:\/\/www.fadasa.es\/pt-pt\/wp-json\/wp\/v2\/users\/1"}],"replies":[{"embeddable":true,"href":"https:\/\/www.fadasa.es\/pt-pt\/wp-json\/wp\/v2\/comments?post=248433"}],"version-history":[{"count":2,"href":"https:\/\/www.fadasa.es\/pt-pt\/wp-json\/wp\/v2\/pages\/248433\/revisions"}],"predecessor-version":[{"id":248435,"href":"https:\/\/www.fadasa.es\/pt-pt\/wp-json\/wp\/v2\/pages\/248433\/revisions\/248435"}],"wp:attachment":[{"href":"https:\/\/www.fadasa.es\/pt-pt\/wp-json\/wp\/v2\/media?parent=248433"}],"curies":[{"name":"wp","href":"https:\/\/api.w.org\/{rel}","templated":true}]}}