{"id":246460,"date":"2024-09-26T16:57:18","date_gmt":"2024-09-26T16:57:18","guid":{"rendered":"https:\/\/www.fadasa.es\/produtos\/produtos-quimicos\/acecut-4153\/"},"modified":"2024-10-04T11:03:24","modified_gmt":"2024-10-04T11:03:24","slug":"acecut-4153","status":"publish","type":"page","link":"https:\/\/www.fadasa.es\/pt-pt\/produtos\/produtos-quimicos\/acecut-4153\/","title":{"rendered":"Acecut 4153"},"content":{"rendered":"<p>[et_pb_section fb_built=&#8221;1&#8243; fullwidth=&#8221;on&#8221; _builder_version=&#8221;4.25.1&#8243; _module_preset=&#8221;default&#8221; global_colors_info=&#8221;{}&#8221;][et_pb_fullwidth_header title=&#8221;Produtos qu\u00edmicos&#8221; _builder_version=&#8221;4.25.1&#8243; _module_preset=&#8221;default&#8221; title_font=&#8221;Roboto|300|||||||&#8221; title_text_align=&#8221;center&#8221; title_text_color=&#8221;#000000&#8243; title_font_size=&#8221;38px&#8221; background_color=&#8221;#eeeeee&#8221; custom_padding=&#8221;7px||5px|||&#8221; global_colors_info=&#8221;{}&#8221;][\/et_pb_fullwidth_header][\/et_pb_section][et_pb_section fb_built=&#8221;1&#8243; _builder_version=&#8221;4.25.1&#8243; _module_preset=&#8221;default&#8221; custom_padding=&#8221;0px||9px|||&#8221; global_colors_info=&#8221;{}&#8221;][et_pb_row custom_padding_last_edited=&#8221;on|phone&#8221; _builder_version=&#8221;4.25.1&#8243; _module_preset=&#8221;default&#8221; width=&#8221;60%&#8221; max_width=&#8221;800px&#8221; max_width_tablet=&#8221;800px&#8221; max_width_phone=&#8221;400px&#8221; max_width_last_edited=&#8221;on|phone&#8221; custom_padding_tablet=&#8221;&#8221; custom_padding_phone=&#8221;&#8221; global_colors_info=&#8221;{}&#8221;][et_pb_column type=&#8221;4_4&#8243; _builder_version=&#8221;4.25.1&#8243; _module_preset=&#8221;default&#8221; global_colors_info=&#8221;{}&#8221;][et_pb_text _builder_version=&#8221;4.25.1&#8243; _module_preset=&#8221;default&#8221; link_text_color=&#8221;#a81125&#8243; global_colors_info=&#8221;{}&#8221;]<\/p>\n<nav id=\"breadcrumbs\"><a href=\"https:\/\/fadasa.es\/pt-pt\">Come\u00e7o <\/a>\u00bb <a href=\"https:\/\/fadasa.es\/pt-pt\/produtos\">Produtos <\/a>\u00bb <a href=\"https:\/\/fadasa.es\/pt-pt\/produtos\/produtos-quimicos\/\">Produtos qu\u00edmicos<\/a><\/nav>\n<p>[\/et_pb_text][\/et_pb_column][\/et_pb_row][et_pb_row column_structure=&#8221;1_2,1_2&#8243; _builder_version=&#8221;4.25.1&#8243; _module_preset=&#8221;default&#8221; max_width=&#8221;800px&#8221; custom_margin=&#8221;|auto||auto|false|false&#8221; custom_padding=&#8221;|100px||33px||&#8221; global_colors_info=&#8221;{}&#8221;][et_pb_column type=&#8221;1_2&#8243; _builder_version=&#8221;4.25.1&#8243; _module_preset=&#8221;default&#8221; global_colors_info=&#8221;{}&#8221;][et_pb_image src=&#8221;https:\/\/www.fadasa.es\/wp-content\/uploads\/2024\/08\/ACECUT-4153-GARRAFA.jpg&#8221; title_text=&#8221;ACECUT 4153 GARRAFA&#8221; show_in_lightbox=&#8221;on&#8221; align=&#8221;center&#8221; _builder_version=&#8221;4.25.1&#8243; _module_preset=&#8221;default&#8221; global_colors_info=&#8221;{}&#8221;][\/et_pb_image][\/et_pb_column][et_pb_column type=&#8221;1_2&#8243; _builder_version=&#8221;4.25.1&#8243; _module_preset=&#8221;default&#8221; global_colors_info=&#8221;{}&#8221;][et_pb_heading title=&#8221;\u00d3LEO DE CORTE SOL\u00daVEL&#8221; _builder_version=&#8221;4.25.1&#8243; _module_preset=&#8221;default&#8221; title_font_size=&#8221;20px&#8221; global_colors_info=&#8221;{}&#8221;][\/et_pb_heading][et_pb_text _builder_version=&#8221;4.25.1&#8243; _module_preset=&#8221;default&#8221; global_colors_info=&#8221;{}&#8221;]<\/p>\n<p><i class=\"fas fa-clipboard-list fa-fw\"><\/i> Refer\u00eancia: <span>ACECUT 4153<\/span><\/p>\n<p>[\/et_pb_text][et_pb_text _builder_version=&#8221;4.25.1&#8243; _module_preset=&#8221;default&#8221; global_colors_info=&#8221;{}&#8221;]<\/p>\n<div class=\"text-box\" style=\"text-align: center;\">\n<p style=\"text-align: left;\">\u00d3leo de corte soluvel de menor viscosidade, mais l\u00edquido<\/p>\n<p style=\"text-align: left;\"><i class=\"fa-solid fa-caret-right\"><\/i> Tambor 30 l.<\/p>\n<\/div>\n<p>[\/et_pb_text][et_pb_text _builder_version=&#8221;4.25.1&#8243; _module_preset=&#8221;default&#8221; custom_padding=&#8221;||49px|||&#8221; hover_enabled=&#8221;0&#8243; global_colors_info=&#8221;{}&#8221; sticky_enabled=&#8221;0&#8243;]<\/p>\n<p><div class='w3eden wpdm_package_shortcode'><div class=\"well c2a1\">\n    <div class=\"media\">\n\n\n        <div class=\"media-body\">\n            <p><i style=\"margin: 2px;color:#a81125\" class=\"fas fa-file-pdf fa-fw\"><\/i><a href=\"https:\/\/www.fadasa.es\/pt-pt\/download\/ficha-tecnica-acecut-4153-esp-pdf\/?wpdmdl=248773&refresh=69f199dc19f2d1777441244\">Ficha t\u00e9cnica<\/a> <\/p>\n      \n        <\/div>\n\n\n    <\/div>\n\n<\/div>\n<style>.well.c2a1 .btn.wpdm-download-link{ padding: 11px 30px;font-size: 11pt; } .well.c2a1 .media-body{ font-size: 11pt; } .w3eden .well {\n    padding: 15px;\n    box-shadow: none;\n    border: 0;\n    font-style: normal;\n    background: #ffffff !important;\n    border-radius: 4px;\n    margin-bottom: -50px !important;\n}<\/style><\/div><br \/><div class='w3eden wpdm_package_shortcode'><div class=\"well c2a1\">\n    <div class=\"media\">\n\n\n        <div class=\"media-body\">\n            <p><i style=\"margin: 2px;color:#a81125\" class=\"fas fa-file-pdf fa-fw\"><\/i><a href=\"https:\/\/www.fadasa.es\/pt-pt\/download\/ficha-de-seguridad-acecut-4153-esp-pdf\/?wpdmdl=248774&refresh=69f199dc32d7b1777441244\">Ficha de seguran\u00e7a<\/a> <\/p>\n      \n        <\/div>\n\n\n    <\/div>\n\n<\/div>\n<style>.well.c2a1 .btn.wpdm-download-link{ padding: 11px 30px;font-size: 11pt; } .well.c2a1 .media-body{ font-size: 11pt; } .w3eden .well {\n    padding: 15px;\n    box-shadow: none;\n    border: 0;\n    font-style: normal;\n    background: #ffffff !important;\n    border-radius: 4px;\n    margin-bottom: 10px;\n}<\/style><\/div><\/p>\n<p>[\/et_pb_text][et_pb_text _builder_version=&#8221;4.25.1&#8243; _module_preset=&#8221;default&#8221; link_text_color=&#8221;#a81125&#8243; global_colors_info=&#8221;{}&#8221;]<a href=\"https:\/\/www.fadasa.es\/pt-pt\/produtos\/produtos-quimicos\/\"><i class=\"fas fa-arrow-left\"><\/i> Voltar a Produtos qu\u00edmicos<\/a>[\/et_pb_text][\/et_pb_column][\/et_pb_row][\/et_pb_section]<\/p>\n","protected":false},"excerpt":{"rendered":"<p>Come\u00e7o \u00bb Produtos \u00bb Produtos qu\u00edmicos Refer\u00eancia: ACECUT 4153 \u00d3leo de corte soluvel de menor viscosidade, mais l\u00edquido Tambor 30 l. <div class='w3eden wpdm_package_shortcode'><div class=\"well c2a1\">\n    <div class=\"media\">\n\n\n        <div class=\"media-body\">\n            <p><i style=\"margin: 2px;color:#a81125\" class=\"fas fa-file-pdf fa-fw\"><\/i><a href=\"https:\/\/www.fadasa.es\/pt-pt\/download\/ficha-tecnica-acecut-4153-esp-pdf\/?wpdmdl=248773&refresh=69f199dc4e6031777441244\">Ficha t\u00e9cnica<\/a> <\/p>\n      \n        <\/div>\n\n\n    <\/div>\n\n<\/div>\n<style>.well.c2a1 .btn.wpdm-download-link{ padding: 11px 30px;font-size: 11pt; } .well.c2a1 .media-body{ font-size: 11pt; } .w3eden .well {\n    padding: 15px;\n    box-shadow: none;\n    border: 0;\n    font-style: normal;\n    background: #ffffff !important;\n    border-radius: 4px;\n    margin-bottom: -50px !important;\n}<\/style><\/div><div class='w3eden wpdm_package_shortcode'><div class=\"well c2a1\">\n    <div class=\"media\">\n\n\n        <div class=\"media-body\">\n            <p><i style=\"margin: 2px;color:#a81125\" class=\"fas fa-file-pdf fa-fw\"><\/i><a href=\"https:\/\/www.fadasa.es\/pt-pt\/download\/ficha-de-seguridad-acecut-4153-esp-pdf\/?wpdmdl=248774&refresh=69f199dc4f1c41777441244\">Ficha de seguran\u00e7a<\/a> <\/p>\n      \n        <\/div>\n\n\n    <\/div>\n\n<\/div>\n<style>.well.c2a1 .btn.wpdm-download-link{ padding: 11px 30px;font-size: 11pt; } .well.c2a1 .media-body{ font-size: 11pt; } .w3eden .well {\n    padding: 15px;\n    box-shadow: none;\n    border: 0;\n    font-style: normal;\n    background: #ffffff !important;\n    border-radius: 4px;\n    margin-bottom: 10px;\n}<\/style><\/div> Voltar a Produtos qu\u00edmicos<\/p>\n","protected":false},"author":1,"featured_media":0,"parent":245817,"menu_order":0,"comment_status":"closed","ping_status":"closed","template":"","meta":{"_et_pb_use_builder":"on","_et_pb_old_content":"","_et_gb_content_width":"","footnotes":""},"_links":{"self":[{"href":"https:\/\/www.fadasa.es\/pt-pt\/wp-json\/wp\/v2\/pages\/246460"}],"collection":[{"href":"https:\/\/www.fadasa.es\/pt-pt\/wp-json\/wp\/v2\/pages"}],"about":[{"href":"https:\/\/www.fadasa.es\/pt-pt\/wp-json\/wp\/v2\/types\/page"}],"author":[{"embeddable":true,"href":"https:\/\/www.fadasa.es\/pt-pt\/wp-json\/wp\/v2\/users\/1"}],"replies":[{"embeddable":true,"href":"https:\/\/www.fadasa.es\/pt-pt\/wp-json\/wp\/v2\/comments?post=246460"}],"version-history":[{"count":10,"href":"https:\/\/www.fadasa.es\/pt-pt\/wp-json\/wp\/v2\/pages\/246460\/revisions"}],"predecessor-version":[{"id":248952,"href":"https:\/\/www.fadasa.es\/pt-pt\/wp-json\/wp\/v2\/pages\/246460\/revisions\/248952"}],"up":[{"embeddable":true,"href":"https:\/\/www.fadasa.es\/pt-pt\/wp-json\/wp\/v2\/pages\/245817"}],"wp:attachment":[{"href":"https:\/\/www.fadasa.es\/pt-pt\/wp-json\/wp\/v2\/media?parent=246460"}],"curies":[{"name":"wp","href":"https:\/\/api.w.org\/{rel}","templated":true}]}}