{"id":246181,"date":"2024-09-26T15:06:31","date_gmt":"2024-09-26T15:06:31","guid":{"rendered":"https:\/\/www.fadasa.es\/produtos\/perfis-separadores-aluminio\/acessorios\/ep-canto-plastico\/"},"modified":"2024-10-22T13:44:51","modified_gmt":"2024-10-22T13:44:51","slug":"ep-canto-plastico","status":"publish","type":"page","link":"https:\/\/www.fadasa.es\/pt-pt\/produtos\/perfis-separadores-aluminio\/acessorios\/ep-canto-plastico\/","title":{"rendered":"EP CANTO PL\u00c1STICO"},"content":{"rendered":"<p>[et_pb_section fb_built=&#8221;1&#8243; fullwidth=&#8221;on&#8221; _builder_version=&#8221;4.25.1&#8243; _module_preset=&#8221;default&#8221; global_colors_info=&#8221;{}&#8221;][et_pb_fullwidth_header title=&#8221;Perfis separadores alum\u00ednio&#8221; _builder_version=&#8221;4.25.1&#8243; _module_preset=&#8221;default&#8221; title_font=&#8221;Roboto|300|||||||&#8221; title_text_align=&#8221;center&#8221; title_text_color=&#8221;#000000&#8243; title_font_size=&#8221;38px&#8221; background_color=&#8221;#eeeeee&#8221; custom_padding=&#8221;7px||5px|||&#8221; global_colors_info=&#8221;{}&#8221;][\/et_pb_fullwidth_header][\/et_pb_section][et_pb_section fb_built=&#8221;1&#8243; _builder_version=&#8221;4.25.1&#8243; _module_preset=&#8221;default&#8221; custom_padding=&#8221;0px||9px|||&#8221; global_colors_info=&#8221;{}&#8221;][et_pb_row custom_padding_last_edited=&#8221;on|phone&#8221; _builder_version=&#8221;4.25.1&#8243; _module_preset=&#8221;default&#8221; width=&#8221;60%&#8221; max_width=&#8221;800px&#8221; max_width_tablet=&#8221;800px&#8221; max_width_phone=&#8221;400px&#8221; max_width_last_edited=&#8221;on|phone&#8221; custom_padding_tablet=&#8221;&#8221; custom_padding_phone=&#8221;&#8221; global_colors_info=&#8221;{}&#8221;][et_pb_column type=&#8221;4_4&#8243; _builder_version=&#8221;4.25.1&#8243; _module_preset=&#8221;default&#8221; global_colors_info=&#8221;{}&#8221;][et_pb_text _builder_version=&#8221;4.25.1&#8243; _module_preset=&#8221;default&#8221; link_text_color=&#8221;#a81125&#8243; global_colors_info=&#8221;{}&#8221;]<\/p>\n<nav id=\"breadcrumbs\"><a href=\"https:\/\/fadasa.es\/pt-pt\/\">Come\u00e7o <\/a>\u00bb <a href=\"https:\/\/fadasa.es\/pt-pt\/produtos\">Produtos <\/a>\u00bb <a href=\"https:\/\/fadasa.es\/pt-pt\/produtos\/perfis-separadores-aluminio\/\">Perfis separadores alum\u00ednio<\/a> \u00bb <a>Acess\u00f3rios<\/a><\/nav>\n<p>[\/et_pb_text][\/et_pb_column][\/et_pb_row][et_pb_row column_structure=&#8221;1_2,1_2&#8243; _builder_version=&#8221;4.25.1&#8243; _module_preset=&#8221;default&#8221; max_width=&#8221;800px&#8221; module_alignment=&#8221;center&#8221; custom_margin=&#8221;|auto||auto|false|false&#8221; custom_padding=&#8221;|100px|0px|33px||&#8221; global_colors_info=&#8221;{}&#8221;][et_pb_column type=&#8221;1_2&#8243; _builder_version=&#8221;4.25.1&#8243; _module_preset=&#8221;default&#8221; global_colors_info=&#8221;{}&#8221;][et_pb_image src=&#8221;https:\/\/www.fadasa.es\/wp-content\/uploads\/2024\/08\/EP-155.jpg&#8221; title_text=&#8221;EP 155&#8243; show_in_lightbox=&#8221;on&#8221; align=&#8221;center&#8221; _builder_version=&#8221;4.25.1&#8243; _module_preset=&#8221;default&#8221; global_colors_info=&#8221;{}&#8221;][\/et_pb_image][\/et_pb_column][et_pb_column type=&#8221;1_2&#8243; _builder_version=&#8221;4.25.1&#8243; _module_preset=&#8221;default&#8221; global_colors_info=&#8221;{}&#8221;][et_pb_heading title=&#8221;EP CANTO PL\u00c1STICO&#8221; _builder_version=&#8221;4.25.1&#8243; _module_preset=&#8221;default&#8221; title_font_size=&#8221;20px&#8221; global_colors_info=&#8221;{}&#8221;][\/et_pb_heading][et_pb_text _builder_version=&#8221;4.25.1&#8243; _module_preset=&#8221;default&#8221; global_colors_info=&#8221;{}&#8221;]<\/p>\n<p><i class=\"fas fa-clipboard-list fa-fw\"><\/i> Refer\u00eancia: EP CANTO PL\u00c1STICO<\/p>\n<p>[\/et_pb_text][et_pb_text _builder_version=&#8221;4.25.1&#8243; _module_preset=&#8221;default&#8221; global_colors_info=&#8221;{}&#8221;]<\/p>\n<div class=\"table-container\">\n<table class=\"product-table\">\n<thead>\n<tr style=\"line-height: 1.2em; padding: 1px;\">\n<th style=\"background-color: #e5e5e5; color: #333; text-align: left; line-height: 1.2em; padding: 1px 1px 1px 5px; width: 50px;\">Ref<\/th>\n<th style=\"background-color: #e5e5e5; color: #333; text-align: right; line-height: 1.2em; padding: 1px 5px 1px 1px; width: 40px;\">C\u00e1mara<\/th>\n<th style=\"background-color: #e5e5e5; color: #333; text-align: right; line-height: 1.2em; padding: 1px 5px 1px 1px; width: 40px;\">Uds\/caixa<\/th>\n<\/tr>\n<\/thead>\n<tbody>\n<tr>\n<td style=\"background-color: #ffffff; border-style: solid; border-color: #cccccc; text-align: left; line-height: 1.2em; padding: 1px 1px 1px 5px;\">EP-055<\/td>\n<td style=\"background-color: #ffffff; border-style: solid; border-color: #cccccc; text-align: right; line-height: 1.2em; padding: 1px 5px 1px 1px;\">6 mm<\/td>\n<td style=\"background-color: #ffffff; border-style: solid; border-color: #cccccc; text-align: right; line-height: 1.2em; padding: 1px 5px 1px 1px;\">6.000<\/td>\n<\/tr>\n<tr>\n<td style=\"background-color: #fff; border-style: solid; border-color: #ccc; line-height: 1.2em; padding: 1px 1px 1px 5px;\">EP-075<\/td>\n<td style=\"background-color: #ffffff; border-style: solid; border-color: #cccccc; text-align: right; line-height: 1.2em; padding: 1px 5px 1px 1px;\">8 mm<\/td>\n<td style=\"background-color: #ffffff; border-style: solid; border-color: #cccccc; text-align: right; line-height: 1.2em; padding: 1px 5px 1px 1px;\">4.000<\/td>\n<\/tr>\n<tr>\n<td style=\"background-color: #fff; border-style: solid; border-color: #ccc; line-height: 1.2em; padding: 1px 1px 1px 5px;\">EP-085<\/td>\n<td style=\"background-color: #ffffff; border-style: solid; border-color: #cccccc; text-align: right; line-height: 1.2em; padding: 1px 5px 1px 1px;\">9 mm<\/td>\n<td style=\"background-color: #ffffff; border-style: solid; border-color: #cccccc; text-align: right; line-height: 1.2em; padding: 1px 5px 1px 1px;\">3.500<\/td>\n<\/tr>\n<tr>\n<td style=\"background-color: #fff; border-style: solid; border-color: #ccc; line-height: 1.2em; padding: 1px 1px 1px 5px;\">EP-095<\/td>\n<td style=\"background-color: #ffffff; border-style: solid; border-color: #cccccc; text-align: right; line-height: 1.2em; padding: 1px 5px 1px 1px;\">10 mm<\/td>\n<td style=\"background-color: #ffffff; border-style: solid; border-color: #cccccc; text-align: right; line-height: 1.2em; padding: 1px 5px 1px 1px;\">3.500<\/td>\n<\/tr>\n<tr>\n<td style=\"background-color: #fff; border-style: solid; border-color: #ccc; line-height: 1.2em; padding: 1px 1px 1px 5px;\">EP-115<\/td>\n<td style=\"background-color: #ffffff; border-style: solid; border-color: #cccccc; text-align: right; line-height: 1.2em; padding: 1px 5px 1px 1px;\">12 mm<\/td>\n<td style=\"background-color: #ffffff; border-style: solid; border-color: #cccccc; text-align: right; line-height: 1.2em; padding: 1px 5px 1px 1px;\">2.500<\/td>\n<\/tr>\n<tr>\n<td style=\"background-color: #fff; border-style: solid; border-color: #ccc; line-height: 1.2em; padding: 1px 1px 1px 5px;\">EP-135<\/td>\n<td style=\"background-color: #ffffff; border-style: solid; border-color: #cccccc; text-align: right; line-height: 1.2em; padding: 1px 5px 1px 1px;\">14 mm<\/td>\n<td style=\"background-color: #ffffff; border-style: solid; border-color: #cccccc; text-align: right; line-height: 1.2em; padding: 1px 5px 1px 1px;\">2.000<\/td>\n<\/tr>\n<tr>\n<td style=\"background-color: #fff; border-style: solid; border-color: #ccc; line-height: 1.2em; padding: 1px 1px 1px 5px;\">EP-145<\/td>\n<td style=\"background-color: #ffffff; border-style: solid; border-color: #cccccc; text-align: right; line-height: 1.2em; padding: 1px 5px 1px 1px;\">15 mm<\/td>\n<td style=\"background-color: #ffffff; border-style: solid; border-color: #cccccc; text-align: right; line-height: 1.2em; padding: 1px 5px 1px 1px;\">2.000<\/td>\n<\/tr>\n<tr>\n<td style=\"background-color: #fff; border-style: solid; border-color: #ccc; line-height: 1.2em; padding: 1px 1px 1px 5px;\">EP-155<\/td>\n<td style=\"background-color: #ffffff; border-style: solid; border-color: #cccccc; text-align: right; line-height: 1.2em; padding: 1px 5px 1px 1px;\">16 mm<\/td>\n<td style=\"background-color: #ffffff; border-style: solid; border-color: #cccccc; text-align: right; line-height: 1.2em; padding: 1px 5px 1px 1px;\">1.500<\/td>\n<\/tr>\n<tr>\n<td style=\"background-color: #fff; border-style: solid; border-color: #ccc; line-height: 1.2em; padding: 1px 1px 1px 5px;\">EP-175<\/td>\n<td style=\"background-color: #ffffff; border-style: solid; border-color: #cccccc; text-align: right; line-height: 1.2em; padding: 1px 5px 1px 1px;\">18 mm<\/td>\n<td style=\"background-color: #ffffff; border-style: solid; border-color: #cccccc; text-align: right; line-height: 1.2em; padding: 1px 5px 1px 1px;\">1.500<\/td>\n<\/tr>\n<tr>\n<td style=\"background-color: #fff; border-style: solid; border-color: #ccc; line-height: 1.2em; padding: 1px 1px 1px 5px;\">EP-195<\/td>\n<td style=\"background-color: #ffffff; border-style: solid; border-color: #cccccc; text-align: right; line-height: 1.2em; padding: 1px 5px 1px 1px;\">20 mm<\/td>\n<td style=\"background-color: #ffffff; border-style: solid; border-color: #cccccc; text-align: right; line-height: 1.2em; padding: 1px 5px 1px 1px;\">1.500<\/td>\n<\/tr>\n<tr>\n<td style=\"background-color: #fff; border-style: solid; border-color: #ccc; line-height: 1.2em; padding: 1px 1px 1px 5px;\">EP-215<\/td>\n<td style=\"background-color: #ffffff; border-style: solid; border-color: #cccccc; text-align: right; line-height: 1.2em; padding: 1px 5px 1px 1px;\">22 mm<\/td>\n<td style=\"background-color: #ffffff; border-style: solid; border-color: #cccccc; text-align: right; line-height: 1.2em; padding: 1px 5px 1px 1px;\">1.300<\/td>\n<\/tr>\n<tr>\n<td style=\"background-color: #fff; border-style: solid; border-color: #ccc; line-height: 1.2em; padding: 1px 1px 1px 5px;\">EP-235<\/td>\n<td style=\"background-color: #ffffff; border-style: solid; border-color: #cccccc; text-align: right; line-height: 1.2em; padding: 1px 5px 1px 1px;\">24 mm<\/td>\n<td style=\"background-color: #ffffff; border-style: solid; border-color: #cccccc; text-align: right; line-height: 1.2em; padding: 1px 5px 1px 1px;\">1.100<\/td>\n<\/tr>\n<tr>\n<td style=\"background-color: #fff; border-style: solid; border-color: #ccc; line-height: 1.2em; padding: 1px 1px 1px 5px;\">EP-265<\/td>\n<td style=\"background-color: #ffffff; border-style: solid; border-color: #cccccc; text-align: right; line-height: 1.2em; padding: 1px 5px 1px 1px;\">27 mm<\/td>\n<td style=\"background-color: #ffffff; border-style: solid; border-color: #cccccc; text-align: right; line-height: 1.2em; padding: 1px 5px 1px 1px;\">900<\/td>\n<\/tr>\n<\/tbody>\n<\/table>\n<\/div>\n<\/div>\n<p>[\/et_pb_text][\/et_pb_column][\/et_pb_row][et_pb_row column_structure=&#8221;1_2,1_2&#8243; _builder_version=&#8221;4.25.1&#8243; _module_preset=&#8221;default&#8221; max_width=&#8221;800px&#8221; module_alignment=&#8221;center&#8221; custom_margin=&#8221;|auto||auto|false|false&#8221; custom_padding=&#8221;4px|100px||33px||&#8221; global_colors_info=&#8221;{}&#8221;][et_pb_column type=&#8221;1_2&#8243; _builder_version=&#8221;4.25.1&#8243; _module_preset=&#8221;default&#8221; global_colors_info=&#8221;{}&#8221;][\/et_pb_column][et_pb_column type=&#8221;1_2&#8243; _builder_version=&#8221;4.25.1&#8243; _module_preset=&#8221;default&#8221; global_colors_info=&#8221;{}&#8221;][et_pb_text _builder_version=&#8221;4.25.1&#8243; _module_preset=&#8221;default&#8221; custom_padding=&#8221;||49px||false|false&#8221; hover_enabled=&#8221;0&#8243; global_colors_info=&#8221;{}&#8221; sticky_enabled=&#8221;0&#8243;]<\/p>\n<p><div class='w3eden wpdm_package_shortcode'><div class=\"well c2a1\">\n    <div class=\"media\">\n\n\n        <div class=\"media-body\">\n            <p><i style=\"margin: 2px;color:#a81125\" class=\"fas fa-file-pdf fa-fw\"><\/i><a href=\"https:\/\/www.fadasa.es\/pt-pt\/download\/descarga-no-encontrada\/?wpdmdl=250922&refresh=69f31922802f31777539362\">Ficha t\u00e9cnica<\/a> <\/p>\n      \n        <\/div>\n\n\n    <\/div>\n\n<\/div>\n<style>.well.c2a1 .btn.wpdm-download-link{ padding: 11px 30px;font-size: 11pt; } .well.c2a1 .media-body{ font-size: 11pt; } .w3eden .well {\n    padding: 15px;\n    box-shadow: none;\n    border: 0;\n    font-style: normal;\n    background: #ffffff !important;\n    border-radius: 4px;\n    margin-bottom: -50px !important;\n}<\/style><\/div><br \/><div class='w3eden wpdm_package_shortcode'><div class=\"well c2a1\">\n    <div class=\"media\">\n\n\n        <div class=\"media-body\">\n            <p><i style=\"margin: 2px;color:#a81125\" class=\"fas fa-file-pdf fa-fw\"><\/i><a href=\"https:\/\/www.fadasa.es\/pt-pt\/download\/descarga-no-encontrada\/?wpdmdl=250922&refresh=69f31922967b21777539362\">Ficha de seguran\u00e7a<\/a> <\/p>\n      \n        <\/div>\n\n\n    <\/div>\n\n<\/div>\n<style>.well.c2a1 .btn.wpdm-download-link{ padding: 11px 30px;font-size: 11pt; } .well.c2a1 .media-body{ font-size: 11pt; } .w3eden .well {\n    padding: 15px;\n    box-shadow: none;\n    border: 0;\n    font-style: normal;\n    background: #ffffff !important;\n    border-radius: 4px;\n    margin-bottom: 10px;\n}<\/style><\/div><\/p>\n<p>[\/et_pb_text][et_pb_text _builder_version=&#8221;4.25.1&#8243; _module_preset=&#8221;default&#8221; link_text_color=&#8221;#a81125&#8243; module_alignment=&#8221;center&#8221; custom_margin=&#8221;||||false|false&#8221; locked=&#8221;off&#8221; global_colors_info=&#8221;{}&#8221;]<\/p>\n<p><a href=\"https:\/\/www.fadasa.es\/pt-pt\/produtos\/perfis-separadores-aluminio\/\"><i class=\"fas fa-arrow-left\"><\/i> Voltar a Perfis separadores alum\u00ednio<\/a><\/p>\n<p>[\/et_pb_text][\/et_pb_column][\/et_pb_row][\/et_pb_section]<\/p>\n","protected":false},"excerpt":{"rendered":"<p>Come\u00e7o \u00bb Produtos \u00bb Perfis separadores alum\u00ednio \u00bb Acess\u00f3rios Refer\u00eancia: EP CANTO PL\u00c1STICO RefC\u00e1maraUds\/caixa EP-0556 mm6.000 EP-0758 mm4.000 EP-0859 mm3.500 EP-09510 mm3.500 EP-11512 mm2.500 EP-13514 mm2.000 EP-14515 mm2.000 EP-15516 mm1.500 EP-17518 mm1.500 EP-19520 mm1.500 EP-21522 mm1.300 EP-23524 mm1.100 EP-26527 mm900 <div class='w3eden wpdm_package_shortcode'><div class=\"well c2a1\">\n    <div class=\"media\">\n\n\n        <div class=\"media-body\">\n            <p><i style=\"margin: 2px;color:#a81125\" class=\"fas fa-file-pdf fa-fw\"><\/i><a href=\"https:\/\/www.fadasa.es\/pt-pt\/download\/descarga-no-encontrada\/?wpdmdl=250922&refresh=69f31922a307c1777539362\">Ficha t\u00e9cnica<\/a> <\/p>\n      \n        <\/div>\n\n\n    <\/div>\n\n<\/div>\n<style>.well.c2a1 .btn.wpdm-download-link{ padding: 11px 30px;font-size: 11pt; } .well.c2a1 .media-body{ font-size: 11pt; } .w3eden .well {\n    padding: 15px;\n    box-shadow: none;\n    border: 0;\n    font-style: normal;\n    background: #ffffff !important;\n    border-radius: 4px;\n    margin-bottom: -50px !important;\n}<\/style><\/div><div class='w3eden wpdm_package_shortcode'><div class=\"well c2a1\">\n    <div class=\"media\">\n\n\n        <div class=\"media-body\">\n            <p><i style=\"margin: 2px;color:#a81125\" class=\"fas fa-file-pdf fa-fw\"><\/i><a href=\"https:\/\/www.fadasa.es\/pt-pt\/download\/descarga-no-encontrada\/?wpdmdl=250922&refresh=69f31922a3f871777539362\">Ficha de seguran\u00e7a<\/a> <\/p>\n      \n        <\/div>\n\n\n    <\/div>\n\n<\/div>\n<style>.well.c2a1 .btn.wpdm-download-link{ padding: 11px 30px;font-size: 11pt; } .well.c2a1 .media-body{ font-size: 11pt; } .w3eden .well {\n    padding: 15px;\n    box-shadow: none;\n    border: 0;\n    font-style: normal;\n    background: #ffffff !important;\n    border-radius: 4px;\n    margin-bottom: 10px;\n}<\/style><\/div> Voltar a Perfis separadores alum\u00ednio<\/p>\n","protected":false},"author":1,"featured_media":0,"parent":246146,"menu_order":0,"comment_status":"closed","ping_status":"closed","template":"","meta":{"_et_pb_use_builder":"on","_et_pb_old_content":"","_et_gb_content_width":"","footnotes":""},"_links":{"self":[{"href":"https:\/\/www.fadasa.es\/pt-pt\/wp-json\/wp\/v2\/pages\/246181"}],"collection":[{"href":"https:\/\/www.fadasa.es\/pt-pt\/wp-json\/wp\/v2\/pages"}],"about":[{"href":"https:\/\/www.fadasa.es\/pt-pt\/wp-json\/wp\/v2\/types\/page"}],"author":[{"embeddable":true,"href":"https:\/\/www.fadasa.es\/pt-pt\/wp-json\/wp\/v2\/users\/1"}],"replies":[{"embeddable":true,"href":"https:\/\/www.fadasa.es\/pt-pt\/wp-json\/wp\/v2\/comments?post=246181"}],"version-history":[{"count":16,"href":"https:\/\/www.fadasa.es\/pt-pt\/wp-json\/wp\/v2\/pages\/246181\/revisions"}],"predecessor-version":[{"id":251181,"href":"https:\/\/www.fadasa.es\/pt-pt\/wp-json\/wp\/v2\/pages\/246181\/revisions\/251181"}],"up":[{"embeddable":true,"href":"https:\/\/www.fadasa.es\/pt-pt\/wp-json\/wp\/v2\/pages\/246146"}],"wp:attachment":[{"href":"https:\/\/www.fadasa.es\/pt-pt\/wp-json\/wp\/v2\/media?parent=246181"}],"curies":[{"name":"wp","href":"https:\/\/api.w.org\/{rel}","templated":true}]}}