{"id":245799,"date":"2024-09-26T12:05:59","date_gmt":"2024-09-26T12:05:59","guid":{"rendered":"https:\/\/www.fadasa.es\/produtos\/sapatos-para-vidro\/espatula\/"},"modified":"2024-10-23T13:06:18","modified_gmt":"2024-10-23T13:06:18","slug":"espatula","status":"publish","type":"page","link":"https:\/\/www.fadasa.es\/pt-pt\/produtos\/calcos-para-envidracar\/espatula\/","title":{"rendered":"ESPATULA"},"content":{"rendered":"<p>[et_pb_section fb_built=&#8221;1&#8243; fullwidth=&#8221;on&#8221; _builder_version=&#8221;4.25.1&#8243; _module_preset=&#8221;default&#8221; global_colors_info=&#8221;{}&#8221;][et_pb_fullwidth_header title=&#8221;Cal\u00e7os para envidra\u00e7ar&#8221; _builder_version=&#8221;4.25.1&#8243; _module_preset=&#8221;default&#8221; title_font=&#8221;Roboto|300|||||||&#8221; title_text_align=&#8221;center&#8221; title_text_color=&#8221;#000000&#8243; title_font_size=&#8221;38px&#8221; background_color=&#8221;#eeeeee&#8221; custom_padding=&#8221;7px||0px|||&#8221; global_colors_info=&#8221;{}&#8221;][\/et_pb_fullwidth_header][\/et_pb_section][et_pb_section fb_built=&#8221;1&#8243; _builder_version=&#8221;4.25.1&#8243; _module_preset=&#8221;default&#8221; custom_padding=&#8221;0px||9px|||&#8221; global_colors_info=&#8221;{}&#8221;][et_pb_row custom_padding_last_edited=&#8221;on|phone&#8221; _builder_version=&#8221;4.25.1&#8243; _module_preset=&#8221;default&#8221; width=&#8221;60%&#8221; max_width=&#8221;800px&#8221; max_width_tablet=&#8221;800px&#8221; max_width_phone=&#8221;400px&#8221; max_width_last_edited=&#8221;on|phone&#8221; custom_padding_tablet=&#8221;&#8221; custom_padding_phone=&#8221;&#8221; global_colors_info=&#8221;{}&#8221;][et_pb_column type=&#8221;4_4&#8243; _builder_version=&#8221;4.25.1&#8243; _module_preset=&#8221;default&#8221; global_colors_info=&#8221;{}&#8221;][et_pb_text _builder_version=&#8221;4.25.1&#8243; _module_preset=&#8221;default&#8221; link_text_color=&#8221;#a81125&#8243; global_colors_info=&#8221;{}&#8221;]<\/p>\n<nav id=\"breadcrumbs\"><a href=\"https:\/\/fadasa.es\/pt-pt\/\">Come\u00e7o <\/a>\u00bb <a href=\"https:\/\/fadasa.es\/pt-pt\/produtos\">Produtos <\/a>\u00bb<a href=\"https:\/\/fadasa.es\/pt-pt\/produtos\/calcos-para-envidracar\"> Cal\u00e7os para envidra\u00e7ar<\/a><\/nav>\n<p>[\/et_pb_text][\/et_pb_column][\/et_pb_row][et_pb_row column_structure=&#8221;1_2,1_2&#8243; _builder_version=&#8221;4.25.1&#8243; _module_preset=&#8221;default&#8221; max_width=&#8221;800px&#8221; custom_margin=&#8221;|auto||auto|false|false&#8221; custom_padding=&#8221;|100px||33px||&#8221; global_colors_info=&#8221;{}&#8221;][et_pb_column type=&#8221;1_2&#8243; _builder_version=&#8221;4.25.1&#8243; _module_preset=&#8221;default&#8221; global_colors_info=&#8221;{}&#8221;][et_pb_image src=&#8221;https:\/\/www.fadasa.es\/wp-content\/uploads\/2024\/08\/ESPATULA.jpg&#8221; title_text=&#8221;ESPATULA&#8221; show_in_lightbox=&#8221;on&#8221; align=&#8221;center&#8221; _builder_version=&#8221;4.25.1&#8243; _module_preset=&#8221;default&#8221; global_colors_info=&#8221;{}&#8221;][\/et_pb_image][\/et_pb_column][et_pb_column type=&#8221;1_2&#8243; _builder_version=&#8221;4.25.1&#8243; _module_preset=&#8221;default&#8221; global_colors_info=&#8221;{}&#8221;][et_pb_heading title=&#8221;ESPATULA&#8221; _builder_version=&#8221;4.25.1&#8243; _module_preset=&#8221;default&#8221; title_font_size=&#8221;20px&#8221; global_colors_info=&#8221;{}&#8221;][\/et_pb_heading][et_pb_text _builder_version=&#8221;4.25.1&#8243; _module_preset=&#8221;default&#8221; global_colors_info=&#8221;{}&#8221;]<i class=\"fas fa-clipboard-list fa-fw\"><\/i> Refer\u00eancia: ESPATULA[\/et_pb_text][et_pb_text _builder_version=&#8221;4.25.1&#8243; _module_preset=&#8221;default&#8221; global_colors_info=&#8221;{}&#8221;]<\/p>\n<div class=\"text-box\" style=\"text-align: center;\">\n<p style=\"text-align: left;\">Espatula silicone<\/p>\n<p style=\"text-align: left;\"><i class=\"fa-solid fa-caret-right\"><\/i> 250 uds\/caixa<\/p>\n<\/div>\n<p>[\/et_pb_text][et_pb_text _builder_version=&#8221;4.25.1&#8243; _module_preset=&#8221;default&#8221; custom_padding=&#8221;||49px||false|false&#8221; hover_enabled=&#8221;0&#8243; global_colors_info=&#8221;{}&#8221; sticky_enabled=&#8221;0&#8243;]<\/p>\n<p><div class='w3eden wpdm_package_shortcode'><div class=\"well c2a1\">\n    <div class=\"media\">\n\n\n        <div class=\"media-body\">\n            <p><i style=\"margin: 2px;color:#a81125\" class=\"fas fa-file-pdf fa-fw\"><\/i><a href=\"https:\/\/www.fadasa.es\/pt-pt\/download\/ficha-tecnica-calzos-espatulas-y-paletas-es-bada-_-pdf-2\/?wpdmdl=249968&refresh=69f328de1aee11777543390\">Ficha t\u00e9cnica<\/a> <\/p>\n      \n        <\/div>\n\n\n    <\/div>\n\n<\/div>\n<style>.well.c2a1 .btn.wpdm-download-link{ padding: 11px 30px;font-size: 11pt; } .well.c2a1 .media-body{ font-size: 11pt; } .w3eden .well {\n    padding: 15px;\n    box-shadow: none;\n    border: 0;\n    font-style: normal;\n    background: #ffffff !important;\n    border-radius: 4px;\n    margin-bottom: -50px !important;\n}<\/style><\/div><br \/><div class='w3eden wpdm_package_shortcode'><div class=\"well c2a1\">\n    <div class=\"media\">\n\n\n        <div class=\"media-body\">\n            <p><i style=\"margin: 2px;color:#a81125\" class=\"fas fa-file-pdf fa-fw\"><\/i><a href=\"https:\/\/www.fadasa.es\/pt-pt\/download\/descarga-no-encontrada\/?wpdmdl=250922&refresh=69f328de313d01777543390\">Ficha de seguran\u00e7a<\/a> <\/p>\n      \n        <\/div>\n\n\n    <\/div>\n\n<\/div>\n<style>.well.c2a1 .btn.wpdm-download-link{ padding: 11px 30px;font-size: 11pt; } .well.c2a1 .media-body{ font-size: 11pt; } .w3eden .well {\n    padding: 15px;\n    box-shadow: none;\n    border: 0;\n    font-style: normal;\n    background: #ffffff !important;\n    border-radius: 4px;\n    margin-bottom: 10px;\n}<\/style><\/div><\/p>\n<p>[\/et_pb_text][et_pb_text _builder_version=&#8221;4.25.1&#8243; _module_preset=&#8221;default&#8221; link_text_color=&#8221;#a81125&#8243; global_colors_info=&#8221;{}&#8221;]<\/p>\n<p><a href=\"https:\/\/www.fadasa.es\/pt-pt\/produtos\/calcos-para-envidracar\"><i class=\"fas fa-arrow-left\"><\/i> Voltar a Cal\u00e7os para envidra\u00e7ar<\/a><\/p>\n<p>[\/et_pb_text][\/et_pb_column][\/et_pb_row][\/et_pb_section]<\/p>\n","protected":false},"excerpt":{"rendered":"<p>Come\u00e7o \u00bb Produtos \u00bb Cal\u00e7os para envidra\u00e7ar Refer\u00eancia: ESPATULA Espatula silicone 250 uds\/caixa <div class='w3eden wpdm_package_shortcode'><div class=\"well c2a1\">\n    <div class=\"media\">\n\n\n        <div class=\"media-body\">\n            <p><i style=\"margin: 2px;color:#a81125\" class=\"fas fa-file-pdf fa-fw\"><\/i><a href=\"https:\/\/www.fadasa.es\/pt-pt\/download\/ficha-tecnica-calzos-espatulas-y-paletas-es-bada-_-pdf-2\/?wpdmdl=249968&refresh=69f328de4c52d1777543390\">Ficha t\u00e9cnica<\/a> <\/p>\n      \n        <\/div>\n\n\n    <\/div>\n\n<\/div>\n<style>.well.c2a1 .btn.wpdm-download-link{ padding: 11px 30px;font-size: 11pt; } .well.c2a1 .media-body{ font-size: 11pt; } .w3eden .well {\n    padding: 15px;\n    box-shadow: none;\n    border: 0;\n    font-style: normal;\n    background: #ffffff !important;\n    border-radius: 4px;\n    margin-bottom: -50px !important;\n}<\/style><\/div><div class='w3eden wpdm_package_shortcode'><div class=\"well c2a1\">\n    <div class=\"media\">\n\n\n        <div class=\"media-body\">\n            <p><i style=\"margin: 2px;color:#a81125\" class=\"fas fa-file-pdf fa-fw\"><\/i><a href=\"https:\/\/www.fadasa.es\/pt-pt\/download\/descarga-no-encontrada\/?wpdmdl=250922&refresh=69f328de4d2e21777543390\">Ficha de seguran\u00e7a<\/a> <\/p>\n      \n        <\/div>\n\n\n    <\/div>\n\n<\/div>\n<style>.well.c2a1 .btn.wpdm-download-link{ padding: 11px 30px;font-size: 11pt; } .well.c2a1 .media-body{ font-size: 11pt; } .w3eden .well {\n    padding: 15px;\n    box-shadow: none;\n    border: 0;\n    font-style: normal;\n    background: #ffffff !important;\n    border-radius: 4px;\n    margin-bottom: 10px;\n}<\/style><\/div> Voltar a Cal\u00e7os para envidra\u00e7ar<\/p>\n","protected":false},"author":1,"featured_media":0,"parent":55770,"menu_order":0,"comment_status":"closed","ping_status":"closed","template":"","meta":{"_et_pb_use_builder":"on","_et_pb_old_content":"","_et_gb_content_width":"","footnotes":""},"_links":{"self":[{"href":"https:\/\/www.fadasa.es\/pt-pt\/wp-json\/wp\/v2\/pages\/245799"}],"collection":[{"href":"https:\/\/www.fadasa.es\/pt-pt\/wp-json\/wp\/v2\/pages"}],"about":[{"href":"https:\/\/www.fadasa.es\/pt-pt\/wp-json\/wp\/v2\/types\/page"}],"author":[{"embeddable":true,"href":"https:\/\/www.fadasa.es\/pt-pt\/wp-json\/wp\/v2\/users\/1"}],"replies":[{"embeddable":true,"href":"https:\/\/www.fadasa.es\/pt-pt\/wp-json\/wp\/v2\/comments?post=245799"}],"version-history":[{"count":9,"href":"https:\/\/www.fadasa.es\/pt-pt\/wp-json\/wp\/v2\/pages\/245799\/revisions"}],"predecessor-version":[{"id":251457,"href":"https:\/\/www.fadasa.es\/pt-pt\/wp-json\/wp\/v2\/pages\/245799\/revisions\/251457"}],"up":[{"embeddable":true,"href":"https:\/\/www.fadasa.es\/pt-pt\/wp-json\/wp\/v2\/pages\/55770"}],"wp:attachment":[{"href":"https:\/\/www.fadasa.es\/pt-pt\/wp-json\/wp\/v2\/media?parent=245799"}],"curies":[{"name":"wp","href":"https:\/\/api.w.org\/{rel}","templated":true}]}}